{"id":43,"date":"2025-04-28T10:42:36","date_gmt":"2025-04-28T08:42:36","guid":{"rendered":"https:\/\/www.buschhof-kattendorf.de\/?page_id=43"},"modified":"2026-05-07T14:35:25","modified_gmt":"2026-05-07T12:35:25","slug":"kundenstimmen","status":"publish","type":"page","link":"https:\/\/www.buschhof-kattendorf.de\/en\/testimonials\/","title":{"rendered":"Testimonials"},"content":{"rendered":"<h1>Erfolg begeistert <\/h1>\n<hr>\n<h2>Das sagen unsere Kunden<\/h2>\n<div>Es war ein Geschenk, hier sein zu d\u00fcrfen!<\/div>\n<p><img decoding=\"async\" src=\"\/wp-content\/uploads\/2025\/04\/feedback_scheunentor.jpg\" alt=\"Feedback von Kunden\"><\/p>\n<blockquote>\n<p>    Der Buschhof ist f\u00fcr mich als Moderatorin eine Traumlocation: ein netter, pers\u00f6nlicher, gro\u00dfz\u00fcgiger und unkomplizierter Umgang von Anfang bis Ende und ein Seminarraum, der keinen Wunsch offen l\u00e4sst: gro\u00df und gem\u00fctlich zugleich, mit liebevollen Details und allem, was man sich an Moderationsmaterial nur denken und w\u00fcnschen kann. F\u00fcr Gruppenarbeiten gibt es eine gro\u00dfz\u00fcgige Terrasse, Tische vor dem Haus, die ger\u00e4umige Diele, und den gro\u00dfen Seminarraum selbst, mit seinen stilvollen Sitzgruppen. Dazu eine k\u00f6stliche und liebevoll zubereitete Verpflegung! Diese Rahmenbedingungen helfen eine offene und vertrauensvolle Atmosph\u00e4re zu schaffen, was ein Riesengewinn f\u00fcr jeden Workshop ist!<\/p>\n<footer>\n<p>                <cite>Lisa Buddemeier, Moderatorin<\/cite><\/p>\n<\/footer>\n<\/blockquote>\n<blockquote>\n<p>    Herzlichen Dank f\u00fcr Eure bemerkenswerte Gastfreundschaft und das hervorragende Essen in einem ganz besonderen Ambiente!<\/p>\n<footer>\n<p>                <cite>Diehl IT Projektmanagement<\/cite><\/p>\n<\/footer>\n<\/blockquote>\n<blockquote>\n<p>    Vielen Dank f\u00fcr die sch\u00f6ne Zeit auf dem Buschhof. Mit Euren gem\u00fctlichen R\u00e4umen, der pers\u00f6nlichen Betreuung und dem leckeren Essen habt Ihr ein gutes St\u00fcck zum Gelingen unseres Workshops beigetragen! Eure Airbusianer<\/p>\n<footer>\n<p>                <cite>Teilnehmer Airbus Ingenieure<\/cite><\/p>\n<\/footer>\n<\/blockquote>\n<blockquote>\n<p>    Herzlichen Dank f\u00fcr die Gastfreundschaft, Bewirtung und den sehr gelungenen Klausurtag. Eines steht fest wir kommen wieder!!<\/p>\n<footer>\n<p>                <cite>UKE F\u00fchrungskr\u00e4fte<\/cite><\/p>\n<\/footer>\n<\/blockquote>\n<blockquote>\n<p>    Danke f\u00fcr einen tollen Workshop und eine sch\u00f6ne Zeit<\/p>\n<footer>\n<p>                <cite>Orfix International F\u00fchrungskr\u00e4fte<\/cite><\/p>\n<\/footer>\n<\/blockquote>\n<blockquote>\n<p>    The UK Team thanks you for the fruitful workshop, your hospitality and the salami!<\/p>\n<footer>\n<p>                <cite>SATAir Team<\/cite><\/p>\n<\/footer>\n<\/blockquote>\n<blockquote>\n<p>    Wir kamen als Gruppe und gingen als Team! <\/p>\n<footer>\n<p>                <cite>Airbus<\/cite><\/p>\n<\/footer>\n<\/blockquote>\n<blockquote>\n<p>    Wie nach Hause zu kommen! Ich liebe Eure offene \u201eStube\u201c und das nordisch-gem\u00fctliche Ambiente. Man f\u00fchlt sich einfach wohl und genie\u00dft das Verweilen. Vielen Dank f\u00fcr diesen sch\u00f6nen Ort zwischen den Meeren ganz nah am Horizont!<\/p>\n<footer>\n<p>                <cite>Hospiz Neum\u00fcnster<\/cite><\/p>\n<\/footer>\n<\/blockquote>\n<blockquote>\n<p>    Ein Ort zum wohlf\u00fchlen, ankommen und leben! Danke f\u00fcr Eure Pers\u00f6nlichkeit und die sch\u00f6ne Art, wie Ihr uns aufgenommen habt. <\/p>\n<footer>\n<p>                <cite>Siemens<\/cite><\/p>\n<\/footer>\n<\/blockquote>\n<blockquote>\n<p>    Ich kenne sicher mittlerweile so um die 100 Seminarhotels: der Buschhof ist f\u00fcr mich &#8220;Champions League&#8221;! H\u00f6chste Professionalit\u00e4t in jeder Beziehung mit einer gro\u00dfen Portion Herzlichkeit! Freue mich schon auf das n\u00e4chste Mal! <\/p>\n<footer>\n<p>                <cite>Moderator<\/cite><\/p>\n<\/footer>\n<\/blockquote>\n<blockquote>\n<p>    Lovely place in the countryside, Heike and Dirk were really nice host, and the food was excellent local products. I loved it all. <\/p>\n<footer>\n<p>                <cite>Airbus<\/cite><\/p>\n<\/footer>\n<\/blockquote>\n<h2>2025<\/h2>\n<h3>(gesch\u00e4tzte Zahlen)<\/h3>\n<div>\n<p>    <script src=\"\/wp-content\/uploads\/animated_numbers\/jquery.counterup.js\"><\/script><br \/>\n    <script src=\"\/wp-content\/uploads\/animated_numbers\/jquery.waypoints.js\"><\/script><\/p>\n<\/div>\n<div>\n<div class=\"num\">1978<\/div>\n<h3>Kaffebecher<\/h3>\n<\/div>\n<div>\n<div class=\"num\">399<\/div>\n<h3>Gemachte Betten<\/h3>\n<\/div>\n<div>\n<div class=\"num\">472<\/div>\n<h3>Br\u00f6tchen<\/h3>\n<\/div>\n<div>\n<div class=\"num\">1266<\/div>\n<h3>Kekse<\/h3>\n<\/div>\n<div>\n<div class=\"num\">456<\/div>\n<h3>Telefonate<\/h3>\n<\/div>\n<div>\n<div class=\"num\">553<\/div>\n<h3>Flipcharts<\/h3>\n<\/div>\n<div>\n<div class=\"num\">1986<\/div>\n<h3>Handt\u00fccher gewaschen<\/h3>\n<\/div>\n<div>\n<div class=\"num\">2245<\/div>\n<h3>Gl\u00e4ser poliert<\/h3>\n<\/div>\n<p><!--more--><br \/>\n<!-- {\"type\":\"layout\",\"children\":[{\"name\":\"Hero\",\"type\":\"section\",\"props\":{\"header_transparent\":true,\"header_transparent_noplaceholder\":true,\"header_transparent_text_color\":\"light\",\"image\":\"wp-content\\\/uploads\\\/2025\\\/04\\\/Fotolia_62127338_Daumen_hoch.jpg\",\"image_position\":\"center-center\",\"image_size\":\"cover\",\"image_width\":\"2560\",\"overlap\":true,\"padding\":\"xlarge\",\"style\":\"secondary\",\"title_breakpoint\":\"xl\",\"title_position\":\"top-left\",\"title_rotation\":\"left\",\"vertical_align\":\"\",\"width\":\"large\"},\"children\":[{\"type\":\"row\",\"children\":[{\"type\":\"column\",\"props\":{\"image_position\":\"center-center\",\"position_sticky_breakpoint\":\"m\",\"width_medium\":\"1-1\"}}]}]},{\"type\":\"section\",\"props\":{\"image_position\":\"center-center\",\"overlap\":true,\"style\":\"default\",\"title_breakpoint\":\"xl\",\"title_position\":\"top-left\",\"title_rotation\":\"left\",\"vertical_align\":\"\",\"width\":\"large\"},\"children\":[{\"type\":\"row\",\"children\":[{\"type\":\"column\",\"props\":{\"image_position\":\"center-center\",\"position_sticky_breakpoint\":\"m\",\"width_medium\":\"1-1\"},\"children\":[{\"type\":\"headline\",\"props\":{\"animation\":\"parallax\",\"content\":\"Erfolg begeistert \",\"content_en_gb\":\"Success inspires\",\"margin_remove_top\":true,\"parallax_breakpoint\":\"m\",\"parallax_easing\":\"0.8\",\"parallax_end\":\"5vh + 5%\",\"parallax_opacity\":\"1,0\",\"parallax_y\":\"0,60\",\"title_element\":\"h1\",\"title_style\":\"heading-large\"}}]}]}]},{\"name\":\"Das sagen unsere Kunden\",\"type\":\"section\",\"props\":{\"animation\":\"fade\",\"image_position\":\"center-center\",\"overlap\":true,\"padding_remove_top\":false,\"style\":\"muted\",\"title_breakpoint\":\"xl\",\"title_position\":\"top-left\",\"title_rotation\":\"left\",\"vertical_align\":\"\",\"width\":\"large\"},\"children\":[{\"type\":\"row\",\"props\":{\"layout\":\"1-2,1-2\",\"margin\":\"large\"},\"children\":[{\"type\":\"column\",\"props\":{\"image_position\":\"center-center\",\"position_sticky_breakpoint\":\"m\",\"width_medium\":\"1-2\"},\"children\":[{\"type\":\"divider\",\"props\":{\"divider_element\":\"hr\",\"divider_style\":\"small\",\"margin_remove_bottom\":true}},{\"type\":\"headline\",\"props\":{\"content\":\"Das sagen unsere Kunden\",\"content_en_gb\":\"Read what our customers say\",\"title_element\":\"h2\",\"title_style\":\"heading-medium\"}},{\"type\":\"headline\",\"props\":{\"content\":\"Es war ein Geschenk, hier sein zu d\\u00fcrfen!\",\"content_en_gb\":\"It was a gift to be here!\",\"margin_remove_top\":true,\"title_color\":\"primary\",\"title_element\":\"div\",\"title_style\":\"h3\"}}]},{\"type\":\"column\",\"props\":{\"image_position\":\"center-center\",\"position_sticky_breakpoint\":\"m\",\"width_medium\":\"1-2\"},\"children\":[{\"type\":\"image\",\"props\":{\"image\":\"wp-content\\\/uploads\\\/2025\\\/04\\\/feedback_scheunentor.jpg\",\"image_alt\":\"Feedback von Kunden\",\"image_svg_color\":\"emphasis\",\"margin\":\"default\"}}]}]}]},{\"type\":\"section\",\"props\":{\"image_position\":\"center-center\",\"overlap\":true,\"style\":\"default\",\"title_breakpoint\":\"xl\",\"title_position\":\"top-left\",\"title_rotation\":\"left\",\"vertical_align\":\"\",\"width\":\"large\"},\"children\":[{\"type\":\"row\",\"children\":[{\"type\":\"column\",\"props\":{\"image_position\":\"center-center\",\"position_sticky_breakpoint\":\"m\",\"width_medium\":\"1-1\"},\"children\":[{\"type\":\"quotation\",\"props\":{\"author\":\"Lisa Buddemeier, Moderatorin\",\"author_en_gb\":\"Lisa Buddemeier, Moderator\",\"content\":\"Der Buschhof ist f\\u00fcr mich als Moderatorin eine Traumlocation: ein netter, pers\\u00f6nlicher, gro\\u00dfz\\u00fcgiger und unkomplizierter Umgang von Anfang bis Ende und ein Seminarraum, der keinen Wunsch offen l\\u00e4sst: gro\\u00df und gem\\u00fctlich zugleich, mit liebevollen Details und allem, was man sich an Moderationsmaterial nur denken und w\\u00fcnschen kann. F\\u00fcr Gruppenarbeiten gibt es eine gro\\u00dfz\\u00fcgige Terrasse, Tische vor dem Haus, die ger\\u00e4umige Diele, und den gro\\u00dfen Seminarraum selbst, mit seinen stilvollen Sitzgruppen. Dazu eine k\\u00f6stliche und liebevoll zubereitete Verpflegung! Diese Rahmenbedingungen helfen eine offene und vertrauensvolle Atmosph\\u00e4re zu schaffen, was ein Riesengewinn f\\u00fcr jeden Workshop ist!\",\"content_en_gb\":\"The Buschhof is a dream location for me as a moderator: a nice, personal, generous and uncomplicated approach from start to finish and a seminar room that leaves nothing to be desired: large and cozy at the same time, with loving details and everything you could possibly think of and wish for in terms of moderation material. There is a spacious terrace for group work, tables in front of the house, the spacious hallway and the large seminar room itself with its stylish seating areas. Plus delicious and lovingly prepared catering! These conditions help to create an open and trusting atmosphere, which is a huge benefit for every workshop!\"}}]}]}]},{\"type\":\"section\",\"props\":{\"image_position\":\"center-center\",\"overlap\":true,\"style\":\"muted\",\"title_breakpoint\":\"xl\",\"title_position\":\"top-left\",\"title_rotation\":\"left\",\"vertical_align\":\"\",\"width\":\"large\"},\"children\":[{\"type\":\"row\",\"children\":[{\"type\":\"column\",\"props\":{\"image_position\":\"center-center\",\"position_sticky_breakpoint\":\"m\",\"width_medium\":\"1-1\"},\"children\":[{\"type\":\"quotation\",\"props\":{\"author\":\"Diehl IT Projektmanagement\",\"author_en_gb\":\"Diehl IT Project Management\",\"content\":\"Herzlichen Dank f\\u00fcr Eure bemerkenswerte Gastfreundschaft und das hervorragende Essen in einem ganz besonderen Ambiente!\",\"content_en_gb\":\"Thank you very much for your remarkable hospitality and the excellent food in a very special ambience!\"}}]}]}]},{\"type\":\"section\",\"props\":{\"image_position\":\"center-center\",\"overlap\":true,\"style\":\"default\",\"title_breakpoint\":\"xl\",\"title_position\":\"top-left\",\"title_rotation\":\"left\",\"vertical_align\":\"\",\"width\":\"large\"},\"children\":[{\"type\":\"row\",\"children\":[{\"type\":\"column\",\"props\":{\"image_position\":\"center-center\",\"position_sticky_breakpoint\":\"m\",\"width_medium\":\"1-1\"},\"children\":[{\"type\":\"quotation\",\"props\":{\"author\":\"Teilnehmer Airbus Ingenieure\",\"author_en_gb\":\"Participants Airbus Engineers\",\"content\":\"Vielen Dank f\\u00fcr die sch\\u00f6ne Zeit auf dem Buschhof. Mit Euren gem\\u00fctlichen R\\u00e4umen, der pers\\u00f6nlichen Betreuung und dem leckeren Essen habt Ihr ein gutes St\\u00fcck zum Gelingen unseres Workshops beigetragen! Eure Airbusianer\",\"content_en_gb\":\"Thank you very much for the wonderful time at the Buschhof. With your cozy rooms, the personal care and the delicious food you have contributed a lot to the success of our workshop! Your Airbusians\"}}]}]}]},{\"type\":\"section\",\"props\":{\"image_position\":\"center-center\",\"overlap\":true,\"style\":\"muted\",\"title_breakpoint\":\"xl\",\"title_position\":\"top-left\",\"title_rotation\":\"left\",\"vertical_align\":\"\",\"width\":\"large\"},\"children\":[{\"type\":\"row\",\"children\":[{\"type\":\"column\",\"props\":{\"image_position\":\"center-center\",\"position_sticky_breakpoint\":\"m\",\"width_medium\":\"1-1\"},\"children\":[{\"type\":\"quotation\",\"props\":{\"author\":\"UKE F\\u00fchrungskr\\u00e4fte\",\"author_en_gb\":\"UKE Managers\",\"content\":\"Herzlichen Dank f\\u00fcr die Gastfreundschaft, Bewirtung und den sehr gelungenen Klausurtag. Eines steht fest wir kommen wieder!!\",\"content_en_gb\":\"Many thanks for the hospitality, hospitality and the very successful retreat day. One thing is certain - we will be back!!\"}}]}]}]},{\"type\":\"section\",\"props\":{\"image_position\":\"center-center\",\"overlap\":true,\"style\":\"default\",\"title_breakpoint\":\"xl\",\"title_position\":\"top-left\",\"title_rotation\":\"left\",\"vertical_align\":\"\",\"width\":\"large\"},\"children\":[{\"type\":\"row\",\"children\":[{\"type\":\"column\",\"props\":{\"image_position\":\"center-center\",\"position_sticky_breakpoint\":\"m\",\"width_medium\":\"1-1\"},\"children\":[{\"type\":\"quotation\",\"props\":{\"author\":\"Orfix International F\\u00fchrungskr\\u00e4fte\",\"author_en_gb\":\"Orfix International Executives\",\"content\":\"Danke f\\u00fcr einen tollen Workshop und eine sch\\u00f6ne Zeit\",\"content_en_gb\":\"Thank you for a great workshop and a wonderful time\"}}]}]}]},{\"type\":\"section\",\"props\":{\"image_position\":\"center-center\",\"overlap\":true,\"style\":\"muted\",\"title_breakpoint\":\"xl\",\"title_position\":\"top-left\",\"title_rotation\":\"left\",\"vertical_align\":\"\",\"width\":\"large\"},\"children\":[{\"type\":\"row\",\"children\":[{\"type\":\"column\",\"props\":{\"image_position\":\"center-center\",\"position_sticky_breakpoint\":\"m\",\"width_medium\":\"1-1\"},\"children\":[{\"type\":\"quotation\",\"props\":{\"author\":\"SATAir Team\",\"content\":\"The UK Team thanks you for the fruitful workshop, your hospitality and the salami!\"}}]}]}]},{\"type\":\"section\",\"props\":{\"image_position\":\"center-center\",\"overlap\":true,\"style\":\"default\",\"title_breakpoint\":\"xl\",\"title_position\":\"top-left\",\"title_rotation\":\"left\",\"vertical_align\":\"\",\"width\":\"large\"},\"children\":[{\"type\":\"row\",\"children\":[{\"type\":\"column\",\"props\":{\"image_position\":\"center-center\",\"position_sticky_breakpoint\":\"m\",\"width_medium\":\"1-1\"},\"children\":[{\"type\":\"quotation\",\"props\":{\"author\":\"Airbus\",\"content\":\"Wir kamen als Gruppe und gingen als Team! \",\"content_en_gb\":\"We came as a group and left as a team!\"}}]}]}]},{\"type\":\"section\",\"props\":{\"image_position\":\"center-center\",\"overlap\":true,\"style\":\"muted\",\"title_breakpoint\":\"xl\",\"title_position\":\"top-left\",\"title_rotation\":\"left\",\"vertical_align\":\"\",\"width\":\"large\"},\"children\":[{\"type\":\"row\",\"children\":[{\"type\":\"column\",\"props\":{\"image_position\":\"center-center\",\"position_sticky_breakpoint\":\"m\",\"width_medium\":\"1-1\"},\"children\":[{\"type\":\"quotation\",\"props\":{\"author\":\"Hospiz Neum\\u00fcnster\",\"content\":\"Wie nach Hause zu kommen! Ich liebe Eure offene \\u201eStube\\u201c und das nordisch-gem\\u00fctliche Ambiente. Man f\\u00fchlt sich einfach wohl und genie\\u00dft das Verweilen. Vielen Dank f\\u00fcr diesen sch\\u00f6nen Ort zwischen den Meeren ganz nah am Horizont!\",\"content_en_gb\":\"Like coming home! I love your open \\u201cparlor\\u201d and the Nordic cozy ambience. You simply feel at home and enjoy staying here. Thank you for this beautiful place between the seas close to the horizon!\"}}]}]}]},{\"type\":\"section\",\"props\":{\"image_position\":\"center-center\",\"overlap\":true,\"style\":\"default\",\"title_breakpoint\":\"xl\",\"title_position\":\"top-left\",\"title_rotation\":\"left\",\"vertical_align\":\"\",\"width\":\"large\"},\"children\":[{\"type\":\"row\",\"children\":[{\"type\":\"column\",\"props\":{\"image_position\":\"center-center\",\"position_sticky_breakpoint\":\"m\",\"width_medium\":\"1-1\"},\"children\":[{\"type\":\"quotation\",\"props\":{\"author\":\"Siemens\",\"content\":\"Ein Ort zum wohlf\\u00fchlen, ankommen und leben! Danke f\\u00fcr Eure Pers\\u00f6nlichkeit und die sch\\u00f6ne Art, wie Ihr uns aufgenommen habt. \",\"content_en_gb\":\"A place to feel good, arrive and live! Thank you for your personality and the lovely way you welcomed us.\"}}]}]}]},{\"type\":\"section\",\"props\":{\"image_position\":\"center-center\",\"overlap\":true,\"style\":\"muted\",\"title_breakpoint\":\"xl\",\"title_position\":\"top-left\",\"title_rotation\":\"left\",\"vertical_align\":\"\",\"width\":\"large\"},\"children\":[{\"type\":\"row\",\"children\":[{\"type\":\"column\",\"props\":{\"image_position\":\"center-center\",\"position_sticky_breakpoint\":\"m\",\"width_medium\":\"1-1\"},\"children\":[{\"type\":\"quotation\",\"props\":{\"author\":\"Moderator\",\"content\":\"Ich kenne sicher mittlerweile so um die 100 Seminarhotels: der Buschhof ist f\\u00fcr mich \\\"Champions League\\\"! H\\u00f6chste Professionalit\\u00e4t in jeder Beziehung mit einer gro\\u00dfen Portion Herzlichkeit! Freue mich schon auf das n\\u00e4chste Mal! \",\"content_en_gb\":\"I must know about 100 seminar hotels by now: the Buschhof is \\u201cChampions League\\u201d for me! Highest professionalism in every respect with a large portion of cordiality! I'm already looking forward to the next time!\"}}]}]}]},{\"type\":\"section\",\"props\":{\"image_position\":\"center-center\",\"overlap\":true,\"padding_remove_bottom\":false,\"style\":\"default\",\"title_breakpoint\":\"xl\",\"title_position\":\"top-left\",\"title_rotation\":\"left\",\"vertical_align\":\"\",\"width\":\"large\"},\"children\":[{\"type\":\"row\",\"children\":[{\"type\":\"column\",\"props\":{\"image_position\":\"center-center\",\"position_sticky_breakpoint\":\"m\",\"width_medium\":\"1-1\"},\"children\":[{\"type\":\"quotation\",\"props\":{\"author\":\"Airbus\",\"content\":\"Lovely place in the countryside, Heike and Dirk were really nice host, and the food was excellent local products. I loved it all. \"}}]}]}]},{\"type\":\"section\",\"props\":{\"image_position\":\"center-center\",\"overlap\":true,\"padding_remove_top\":false,\"style\":\"muted\",\"title_breakpoint\":\"xl\",\"title_position\":\"top-left\",\"title_rotation\":\"left\",\"vertical_align\":\"\",\"width\":\"large\"},\"children\":[{\"type\":\"row\",\"children\":[{\"type\":\"column\",\"props\":{\"image_position\":\"center-center\",\"position_sticky_breakpoint\":\"m\",\"width_medium\":\"1-1\"},\"children\":[{\"type\":\"headline\",\"props\":{\"content\":\"2025\",\"text_align\":\"center\",\"title_element\":\"h2\",\"title_font_family\":\"secondary\",\"title_style\":\"heading-2xlarge\"}},{\"type\":\"headline\",\"props\":{\"content\":\"(gesch\\u00e4tzte Zahlen)\",\"content_en_gb\":\"(approx.)\",\"text_align\":\"center\",\"title_element\":\"h3\"}},{\"type\":\"html\",\"props\":{\"content\":\"<script src=\\\"\\\/wp-content\\\/uploads\\\/animated_numbers\\\/jquery.counterup.js\\\"><\\\/script>\\n    <script src=\\\"\\\/wp-content\\\/uploads\\\/animated_numbers\\\/jquery.waypoints.js\\\"><\\\/script>\\n\"},\"name\":\"Scripte f\\u00fcr animierte Nummern\"}]}]},{\"type\":\"row\",\"props\":{\"layout\":\"1-4,1-4,1-4,1-4|1-2,1-2,1-2,1-2\"},\"children\":[{\"type\":\"column\",\"props\":{\"image_position\":\"center-center\",\"position_sticky_breakpoint\":\"m\",\"width_medium\":\"1-4\",\"width_small\":\"1-2\"},\"children\":[{\"type\":\"html\",\"props\":{\"class\":\"animated_number\",\"content\":\"\n\n<div class=\\\"num\\\">1978<\\\/div>\\n\n\n<h3>Kaffebecher<\\\/h3>\",\"content_en_gb\":\"\n\n<div class=\\\"num\\\">3598<\\\/div>\\n\n\n<h3>coffee mugs<\\\/h3>\"}}]},{\"type\":\"column\",\"props\":{\"image_position\":\"center-center\",\"position_sticky_breakpoint\":\"m\",\"width_medium\":\"1-4\",\"width_small\":\"1-2\"},\"children\":[{\"type\":\"html\",\"props\":{\"class\":\"animated_number\",\"content\":\"\n\n<div class=\\\"num\\\">399<\\\/div>\\n\n\n<h3>Gemachte Betten<\\\/h3>\",\"content_en_gb\":\"\n\n<div class=\\\"num\\\">833<\\\/div>\\n\n\n<h3>neatly tidied beds<\\\/h3>\"}}]},{\"type\":\"column\",\"props\":{\"image_position\":\"center-center\",\"position_sticky_breakpoint\":\"m\",\"width_medium\":\"1-4\",\"width_small\":\"1-2\"},\"children\":[{\"type\":\"html\",\"props\":{\"class\":\"animated_number\",\"content\":\"\n\n<div class=\\\"num\\\">472<\\\/div>\\n\n\n<h3>Br\\u00f6tchen<\\\/h3>\",\"content_en_gb\":\"\n\n<div class=\\\"num\\\">987<\\\/div>\\n\n\n<h3>bread buns<\\\/h3>\"}}]},{\"type\":\"column\",\"props\":{\"image_position\":\"center-center\",\"position_sticky_breakpoint\":\"m\",\"width_medium\":\"1-4\",\"width_small\":\"1-2\"},\"children\":[{\"type\":\"html\",\"props\":{\"class\":\"animated_number\",\"content\":\"\n\n<div class=\\\"num\\\">1266<\\\/div>\\n\n\n<h3>Kekse<\\\/h3>\",\"content_en_gb\":\"\n\n<div class=\\\"num\\\">3023<\\\/div>\\n\n\n<h3>cookies<\\\/h3>\"}}]}]},{\"type\":\"row\",\"props\":{\"layout\":\"1-4,1-4,1-4,1-4|1-2,1-2,1-2,1-2\"},\"children\":[{\"type\":\"column\",\"props\":{\"image_position\":\"center-center\",\"position_sticky_breakpoint\":\"m\",\"width_medium\":\"1-4\",\"width_small\":\"1-2\"},\"children\":[{\"type\":\"html\",\"props\":{\"class\":\"animated_number\",\"content\":\"\n\n<div class=\\\"num\\\">456<\\\/div>\\n\n\n<h3>Telefonate<\\\/h3>\",\"content_en_gb\":\"\n\n<div class=\\\"num\\\">1088<\\\/div>\\n\n\n<h3>phone calls<\\\/h3>\"}}]},{\"type\":\"column\",\"props\":{\"image_position\":\"center-center\",\"position_sticky_breakpoint\":\"m\",\"width_medium\":\"1-4\",\"width_small\":\"1-2\"},\"children\":[{\"type\":\"html\",\"props\":{\"class\":\"animated_number\",\"content\":\"\n\n<div class=\\\"num\\\">553<\\\/div>\\n\n\n<h3>Flipcharts<\\\/h3>\",\"content_en_gb\":\"\n\n<div class=\\\"num\\\">864<\\\/div>\\n\n\n<h3>flipcharts<\\\/h3>\"}}]},{\"type\":\"column\",\"props\":{\"image_position\":\"center-center\",\"position_sticky_breakpoint\":\"m\",\"width_medium\":\"1-4\",\"width_small\":\"1-2\"},\"children\":[{\"type\":\"html\",\"props\":{\"class\":\"animated_number\",\"content\":\"\n\n<div class=\\\"num\\\">1986<\\\/div>\\n\n\n<h3>Handt\\u00fccher gewaschen<\\\/h3>\",\"content_en_gb\":\"\n\n<div class=\\\"num\\\">3553<\\\/div>\\n\n\n<h3>washed towels<\\\/h3>\"}}]},{\"type\":\"column\",\"props\":{\"image_position\":\"center-center\",\"position_sticky_breakpoint\":\"m\",\"width_medium\":\"1-4\",\"width_small\":\"1-2\"},\"children\":[{\"type\":\"html\",\"props\":{\"class\":\"animated_number\",\"content\":\"\n\n<div class=\\\"num\\\">2245<\\\/div>\\n\n\n<h3>Gl\\u00e4ser poliert<\\\/h3>\",\"content_en_gb\":\"\n\n<div class=\\\"num\\\">3789<\\\/div>\\n\n\n<h3>polished glasses<\\\/h3>\"}}]}]}]},{\"type\":\"section\",\"props\":{\"image_position\":\"center-center\",\"padding_remove_bottom\":true,\"padding_remove_top\":true,\"style\":\"default\",\"title_breakpoint\":\"xl\",\"title_position\":\"top-left\",\"title_rotation\":\"left\",\"vertical_align\":\"\",\"width\":\"large\"},\"children\":[{\"type\":\"row\",\"children\":[{\"type\":\"column\",\"props\":{\"image_position\":\"center-center\",\"position_sticky_breakpoint\":\"m\",\"width_medium\":\"1-1\"}}]}]}],\"version\":\"4.5.20\"} --><\/p>\n","protected":false},"excerpt":{"rendered":"<p>Erfolg begeistert Das sagen unsere Kunden Es war ein Geschenk, hier sein zu d\u00fcrfen! Der Buschhof ist f\u00fcr mich als Moderatorin eine Traumlocation: ein netter, pers\u00f6nlicher, gro\u00dfz\u00fcgiger und unkomplizierter Umgang von Anfang bis Ende und ein Seminarraum, der keinen Wunsch offen l\u00e4sst: gro\u00df und gem\u00fctlich zugleich, mit liebevollen Details und allem, was man sich an [&hellip;]<\/p>\n","protected":false},"author":4,"featured_media":0,"parent":0,"menu_order":0,"comment_status":"closed","ping_status":"closed","template":"","meta":{"footnotes":""},"class_list":["post-43","page","type-page","status-publish","hentry"],"_links":{"self":[{"href":"https:\/\/www.buschhof-kattendorf.de\/en\/wp-json\/wp\/v2\/pages\/43","targetHints":{"allow":["GET"]}}],"collection":[{"href":"https:\/\/www.buschhof-kattendorf.de\/en\/wp-json\/wp\/v2\/pages"}],"about":[{"href":"https:\/\/www.buschhof-kattendorf.de\/en\/wp-json\/wp\/v2\/types\/page"}],"author":[{"embeddable":true,"href":"https:\/\/www.buschhof-kattendorf.de\/en\/wp-json\/wp\/v2\/users\/4"}],"replies":[{"embeddable":true,"href":"https:\/\/www.buschhof-kattendorf.de\/en\/wp-json\/wp\/v2\/comments?post=43"}],"version-history":[{"count":19,"href":"https:\/\/www.buschhof-kattendorf.de\/en\/wp-json\/wp\/v2\/pages\/43\/revisions"}],"predecessor-version":[{"id":465,"href":"https:\/\/www.buschhof-kattendorf.de\/en\/wp-json\/wp\/v2\/pages\/43\/revisions\/465"}],"wp:attachment":[{"href":"https:\/\/www.buschhof-kattendorf.de\/en\/wp-json\/wp\/v2\/media?parent=43"}],"curies":[{"name":"wp","href":"https:\/\/api.w.org\/{rel}","templated":true}]}}