{"id":40,"date":"2025-04-28T10:41:59","date_gmt":"2025-04-28T08:41:59","guid":{"rendered":"https:\/\/www.buschhof-kattendorf.de\/?page_id=40"},"modified":"2026-04-14T09:21:27","modified_gmt":"2026-04-14T07:21:27","slug":"aktuelles","status":"publish","type":"page","link":"https:\/\/www.buschhof-kattendorf.de\/en\/news\/","title":{"rendered":"News"},"content":{"rendered":"<h1>\n<p>Workshop auf dem Land:<\/p>\n<p>viel Platz in Ruhe und Natur! <\/p>\n<\/h1>\n<h1><strong data-start=\"0\" data-end=\"69\">Nachwuchs auf dem Hof<\/strong><\/h1>\n<div>\n<p>Ein ganz besonderes Ereignis sorgt aktuell f\u00fcr Freude auf unserem Hof: ein gesundes K\u00e4lbchen hat das Licht der Welt erblickt!<\/p>\n<p class=\"isSelectedEnd\"><span>Auch wenn der Stallbereich nicht f\u00fcr unsere Tagungsg\u00e4ste zug\u00e4nglich ist, freuen wir uns sehr, dieses besondere Ereignis mit Euch zu teilen.<\/span><\/p>\n<p class=\"isSelectedEnd\"><span>Solche Momente zeigen einmal mehr die enge Verbindung unseres Hauses zur Landwirtschaft und zur Natur. Sie sind ein fester Bestandteil unseres Konzepts und tragen zur besonderen Atmosph\u00e4re unseres Tagungshotels bei.<\/span><\/p>\n<p><span>Wir freuen uns, Euch bald bei uns begr\u00fc\u00dfen zu d\u00fcrfen.<\/span><\/p>\n<\/p>\n<\/div>\n<p><img decoding=\"async\" src=\"\/wp-content\/uploads\/2026\/04\/Kalb-im-Tagungshaus-1.jpg\" alt=\"Zum nachbacken\"><\/p>\n<hr>\n<h2>Methodische Vielfalt<\/h2>\n<div>im Seminarraum<\/div>\n<div>\n<p><span style=\"font-family: Arial, sans-serif;\">F\u00fcr eine abwechslungsreiche und effektive Seminararbeit ist die passende Raumgestaltung<\/span> <span style=\"font-family: Arial, sans-serif;\">entscheidend. In unseren Seminarr\u00e4umen stehen <\/span><span style=\"font-family: Arial, sans-serif;\">Euch<\/span><span style=\"font-family: Arial, sans-serif;\"> daher Tische und St\u00fchle in den Ecken des Raumes zur Verf\u00fcgung, die gezielt f\u00fcr Gruppenarbeiten genutzt werden k\u00f6nnen.<\/span><\/p>\n<p><span style=\"font-family: Arial, sans-serif;\">Diese flexible Einrichtung erm\u00f6glicht es, schnell zwischen verschiedenen Arbeitsformen zu wechseln \u2013 von der klassischen Pr\u00e4sentation bis hin zu interaktiven Kleingruppenphasen. So unterst\u00fctzen wir methodische Vielfalt und schaffen optimale Voraussetzungen f\u00fcr produktive Zusammenarbeit, kreative Prozesse und nachhaltige Ergebnisse.<\/span><\/p>\n<p><span style=\"font-family: Arial, sans-serif;\">Gerne passen wir die Raumgestaltung individuell an Eure Anforderungen an und unterst\u00fctzen Euch bei der Planung Eurer Veranstaltung.<\/span><\/p>\n<p style=\"margin-bottom: 0cm; line-height: 100%;\">\n<p class=\"western\" align=\"left\"><span style=\"font-family: Arial, serif;\">\u00a0<\/span><\/p>\n<\/p>\n<\/div>\n<p><img decoding=\"async\" src=\"\/wp-content\/uploads\/2026\/04\/Gruppenarbeitstisch.jpg\" alt=\"genug Platz f\u00fcr Gruppenarbeit\"><\/p>\n<hr>\n<h1>Veranstaltungen<\/h1>\n<hr>\n<div>\n<p><strong>Kinderosteopathie Ausbildung 2025\/26, Modul 4 mit Eva M\u00f6ckel und Henriette Conrath<\/strong><\/p>\n<\/div>\n<p><p>\n        <a href=\"http:\/\/www.osteopathie-altona.de\/kurse\" target=\"_blank\" rel=\"noopener\">KIOM<\/a>\n    <\/p>\n<\/p>\n<div>\n<p>13. &#8211; 15. April 2026<\/p>\n<\/div>\n<hr>\n<div>\n<p><strong>Teamworks Seminar<\/strong><\/p>\n<p>New Organizing Strategy mit Svenja Hofert<\/p>\n<\/div>\n<p><p>\n        <a href=\"https:\/\/teamworks-gmbh.de\/workshops\/neworganizing_organisationsentwicklung\/\" target=\"_blank\" rel=\"noopener\">mehr erfahren<\/a>\n    <\/p>\n<\/p>\n<div>\n<p>06. &#8211; 09. Januar 2027<\/p>\n<\/div>\n<hr>\n<p><!--more--><br \/>\n<!-- {\"type\":\"layout\",\"children\":[{\"name\":\"Hero\",\"type\":\"section\",\"props\":{\"header_transparent\":true,\"header_transparent_noplaceholder\":true,\"header_transparent_text_color\":\"light\",\"image\":\"wp-content\/uploads\/2025\/04\/fire-842311_1920.jpg\",\"image_position\":\"center-center\",\"image_size\":\"cover\",\"image_width\":\"2560\",\"overlap\":true,\"padding_bottom\":\"xlarge\",\"padding_top\":\"xlarge\",\"style\":\"secondary\",\"title_breakpoint\":\"xl\",\"title_position\":\"top-left\",\"title_rotation\":\"left\",\"vertical_align\":\"\",\"width\":\"large\"},\"children\":[{\"type\":\"row\",\"children\":[{\"type\":\"column\",\"props\":{\"image_position\":\"center-center\",\"position_sticky_breakpoint\":\"m\",\"width_medium\":\"1-1\"}}]}]},{\"type\":\"section\",\"props\":{\"image_position\":\"center-center\",\"overlap\":true,\"style\":\"default\",\"title_breakpoint\":\"xl\",\"title_position\":\"top-left\",\"title_rotation\":\"left\",\"vertical_align\":\"\",\"width\":\"large\"},\"children\":[{\"type\":\"row\",\"props\":{\"margin_bottom\":\"large\",\"margin_top\":\"large\"},\"children\":[{\"type\":\"column\",\"props\":{\"image_position\":\"center-center\",\"position_sticky_breakpoint\":\"m\",\"width_medium\":\"1-1\"},\"children\":[{\"type\":\"headline\",\"props\":{\"animation\":\"parallax\",\"content\":\"\n\n<p>Workshop auf dem Land:<\/p>\n\n\\n\n\n<p>viel Platz in Ruhe und Natur! <\/p>\n\n\",\"content_en_gb\":\"\n\n<p>Workshop in the countryside:<\/p>\n\n\\n\n\n<p>Lots of space in peace and nature! <\/p>\n\n\",\"image_align\":\"left\",\"image_margin\":\"xsmall\",\"margin_top\":\"remove\",\"parallax_breakpoint\":\"m\",\"parallax_easing\":\"0.8\",\"parallax_end\":\"5vh + 5%\",\"parallax_opacity\":\"1,0\",\"parallax_y\":\"0,60\",\"title_element\":\"h1\",\"title_style\":\"heading-large\"}}]}]},{\"type\":\"row\",\"props\":{\"layout\":\"1-2,1-2\"},\"children\":[{\"type\":\"column\",\"props\":{\"image_position\":\"center-center\",\"position_sticky_breakpoint\":\"m\",\"width_medium\":\"1-2\"},\"children\":[{\"type\":\"headline\",\"props\":{\"content\":\"<strong data-start=\\\"0\\\" data-end=\\\"69\\\">Nachwuchs auf dem Hof<\/strong>\",\"content_en_gb\":\"We are off the beaten track...\",\"image_align\":\"left\",\"image_margin\":\"xsmall\",\"title_color\":\"primary\",\"title_element\":\"h1\"}},{\"type\":\"text\",\"props\":{\"column_breakpoint\":\"m\",\"content\":\"\n\n<p>Ein ganz besonderes Ereignis sorgt aktuell f\u00fcr Freude auf unserem Hof: ein gesundes K\u00e4lbchen hat das Licht der Welt erblickt!<\/p>\n\n\\n\n\n<p class=\\\"isSelectedEnd\\\"><span>Auch wenn der Stallbereich nicht f\u00fcr unsere Tagungsg\u00e4ste zug\u00e4nglich ist, freuen wir uns sehr, dieses besondere Ereignis mit Euch zu teilen.<\/span><\/p>\n\n\\n\n\n<p class=\\\"isSelectedEnd\\\"><span>Solche Momente zeigen einmal mehr die enge Verbindung unseres Hauses zur Landwirtschaft und zur Natur. Sie sind ein fester Bestandteil unseres Konzepts und tragen zur besonderen Atmosph\u00e4re unseres Tagungshotels bei.<\/span><\/p>\n\n\\n\n\n<p><span>Wir freuen uns, Euch bald bei uns begr\u00fc\u00dfen zu d\u00fcrfen.<\/span><\/p>\n\n\\n\n\n\n\n\\n\n\n\n\n\",\"content_en_gb\":\"\n\n<p>...but still on the cutting edge!<\/p>\n\n\\n\n\n<p>We have fiber optics - fast Internet for everyone.<\/p>\n\n\\n\n\n<p>More on this in the video on the right:<\/p>\n\n\",\"margin_bottom\":\"default\",\"margin_top\":\"default\"}}]},{\"type\":\"column\",\"props\":{\"image_position\":\"center-center\",\"position_sticky_breakpoint\":\"m\",\"width_medium\":\"1-2\"},\"children\":[{\"type\":\"image\",\"props\":{\"image\":\"wp-content\/uploads\/2026\/04\/Kalb-im-Tagungshaus-1.jpg\",\"image_alt\":\"Zum nachbacken\",\"image_svg_color\":\"emphasis\",\"margin_bottom\":\"default\",\"margin_top\":\"default\"}}]}]}]},{\"name\":\"Description Comfort\",\"type\":\"section\",\"props\":{\"animation\":\"fade\",\"image_position\":\"center-center\",\"overlap\":true,\"style\":\"muted\",\"title_breakpoint\":\"xl\",\"title_position\":\"top-left\",\"title_rotation\":\"left\",\"vertical_align\":\"\",\"width\":\"large\"},\"children\":[{\"type\":\"row\",\"props\":{\"layout\":\"1-2,1-2\",\"margin_bottom\":\"large\",\"margin_top\":\"large\"},\"children\":[{\"type\":\"column\",\"props\":{\"image_position\":\"center-center\",\"position_sticky_breakpoint\":\"m\",\"width_medium\":\"1-2\"},\"children\":[{\"type\":\"divider\",\"props\":{\"divider_element\":\"hr\",\"divider_style\":\"small\",\"margin_bottom\":\"remove\"}},{\"type\":\"headline\",\"props\":{\"content\":\"Methodische Vielfalt\",\"content_en_gb\":\"Summertime is\",\"image_align\":\"left\",\"image_margin\":\"xsmall\",\"title_element\":\"h2\",\"title_style\":\"heading-medium\"}},{\"type\":\"headline\",\"props\":{\"content\":\"im Seminarraum\",\"content_en_gb\":\"O u t d o o r &nbsp; t i m e\",\"image_align\":\"left\",\"image_margin\":\"xsmall\",\"margin_top\":\"remove\",\"title_color\":\"primary\",\"title_element\":\"div\",\"title_style\":\"h3\"}},{\"type\":\"text\",\"props\":{\"column_breakpoint\":\"m\",\"content\":\"\n\n<p><span style=\\\"font-family: Arial, sans-serif;\\\">F\u00fcr eine abwechslungsreiche und effektive Seminararbeit ist die passende Raumgestaltung<\/span> <span style=\\\"font-family: Arial, sans-serif;\\\">entscheidend. In unseren Seminarr\u00e4umen stehen <\/span><span style=\\\"font-family: Arial, sans-serif;\\\">Euch<\/span><span style=\\\"font-family: Arial, sans-serif;\\\"> daher Tische und St\u00fchle in den Ecken des Raumes zur Verf\u00fcgung, die gezielt f\u00fcr Gruppenarbeiten genutzt werden k\u00f6nnen.<\/span><\/p>\n\n\\n\n\n<p><span style=\\\"font-family: Arial, sans-serif;\\\">Diese flexible Einrichtung erm\u00f6glicht es, schnell zwischen verschiedenen Arbeitsformen zu wechseln \u2013 von der klassischen Pr\u00e4sentation bis hin zu interaktiven Kleingruppenphasen. So unterst\u00fctzen wir methodische Vielfalt und schaffen optimale Voraussetzungen f\u00fcr produktive Zusammenarbeit, kreative Prozesse und nachhaltige Ergebnisse.<\/span><\/p>\n\n\\n\n\n<p><span style=\\\"font-family: Arial, sans-serif;\\\">Gerne passen wir die Raumgestaltung individuell an Eure Anforderungen an und unterst\u00fctzen Euch bei der Planung Eurer Veranstaltung.<\/span><\/p>\n\n\\n\n\n<p style=\\\"margin-bottom: 0cm; line-height: 100%;\\\">\n\n\\n\n\n<p class=\\\"western\\\" align=\\\"left\\\"><span style=\\\"font-family: Arial, serif;\\\">\u00a0<\/span><\/p>\n\n\\n\n\n\n\n\\n\n\n\n\n\",\"content_en_gb\":\"On these warm days, our guests are drawn outdoors - our lawn becomes an outdoor conference room! Whether workshops in the open air, inspiring talks and short breaks in the sun: nature has an invigorating effect! In the evening, the day comes to a relaxed end with team activities such as cornhole or Viking chess...\",\"margin_bottom\":\"medium\",\"margin_top\":\"medium\",\"maxwidth\":\"xlarge\"}}]},{\"type\":\"column\",\"props\":{\"image_position\":\"center-center\",\"position_sticky_breakpoint\":\"m\",\"width_medium\":\"1-2\"},\"children\":[{\"type\":\"image\",\"props\":{\"image\":\"wp-content\/uploads\/2026\/04\/Gruppenarbeitstisch.jpg\",\"image_alt\":\"genug Platz f\u00fcr Gruppenarbeit\",\"image_svg_color\":\"emphasis\",\"margin_bottom\":\"default\",\"margin_top\":\"default\"}}]}]}]},{\"name\":\"Veranstaltungen\",\"type\":\"section\",\"props\":{\"animation\":\"fade\",\"image_position\":\"center-center\",\"style\":\"default\",\"title_breakpoint\":\"xl\",\"title_position\":\"top-left\",\"title_rotation\":\"left\",\"vertical_align\":\"\",\"width\":\"large\"},\"children\":[{\"type\":\"row\",\"props\":{\"margin_bottom\":\"medium\",\"margin_top\":\"medium\"},\"children\":[{\"type\":\"column\",\"props\":{\"image_position\":\"center-center\",\"position_sticky_breakpoint\":\"m\",\"width_medium\":\"1-1\"},\"children\":[{\"type\":\"divider\",\"props\":{\"divider_element\":\"hr\",\"divider_style\":\"small\",\"margin_bottom\":\"remove\"}},{\"type\":\"headline\",\"props\":{\"content\":\"Veranstaltungen\",\"content_en_gb\":\"Events\",\"image_align\":\"left\",\"image_margin\":\"xsmall\",\"title_color\":\"primary\",\"title_element\":\"h1\"}}]}]},{\"type\":\"row\",\"props\":{\"margin_bottom\":\"remove\",\"margin_top\":\"remove\",\"row_gap\":\"collapse\"},\"children\":[{\"type\":\"column\",\"props\":{\"image_position\":\"center-center\",\"position_sticky_breakpoint\":\"m\"},\"children\":[{\"type\":\"divider\",\"props\":{\"divider_element\":\"hr\"}}]}]}]},{\"name\":\"Zwischentext\",\"type\":\"section\",\"props\":{\"animation\":\"fade\",\"id\":\"am_wohld\",\"image_position\":\"center-center\",\"overlap\":true,\"padding_top\":\"none\",\"style\":\"default\",\"title_breakpoint\":\"xl\",\"title_position\":\"top-left\",\"title_rotation\":\"left\",\"vertical_align\":\"\",\"width\":\"large\"},\"children\":[{\"type\":\"row\",\"props\":{\"layout\":\"1-2,1-2\",\"margin_bottom\":\"large\",\"margin_top\":\"large\"},\"children\":[{\"type\":\"column\",\"props\":{\"image_position\":\"center-center\",\"position_sticky_breakpoint\":\"m\",\"width_medium\":\"1-2\"},\"children\":[{\"type\":\"text\",\"props\":{\"column_breakpoint\":\"m\",\"content\":\"\n\n<p><strong>Kinderosteopathie Ausbildung 2025\/26, Modul 4 mit Eva M\u00f6ckel und Henriette Conrath<\/strong><\/p>\n\n\",\"content_en_gb\":\"\n\n<p><strong>Children's osteopathy training 2025\/26, module 1 with Eva M\u00f6ckel and Henriette Conrath<\/strong><\/p>\n\n\",\"margin_bottom\":\"default\",\"margin_top\":\"default\"}},{\"type\":\"button\",\"props\":{\"grid_column_gap\":\"small\",\"grid_row_gap\":\"small\",\"margin_bottom\":\"default\",\"margin_top\":\"default\"},\"children\":[{\"type\":\"button_item\",\"props\":{\"button_style\":\"default\",\"content\":\"KIOM\",\"dialog_layout\":\"modal\",\"dialog_offcanvas_flip\":true,\"icon_align\":\"left\",\"link\":\"http:\/\/www.osteopathie-altona.de\/kurse\",\"link_target\":true}}]}]},{\"type\":\"column\",\"props\":{\"image_position\":\"center-center\",\"position_sticky_breakpoint\":\"m\",\"width_medium\":\"1-2\"},\"children\":[{\"type\":\"text\",\"props\":{\"column_breakpoint\":\"m\",\"content\":\"\n\n<p>13. - 15. April 2026<\/p>\n\n\",\"margin_bottom\":\"default\",\"margin_top\":\"default\"}}]}]},{\"type\":\"row\",\"props\":{\"margin_bottom\":\"remove\",\"margin_top\":\"remove\",\"row_gap\":\"collapse\"},\"children\":[{\"type\":\"column\",\"props\":{\"image_position\":\"center-center\",\"position_sticky_breakpoint\":\"m\"},\"children\":[{\"type\":\"divider\",\"props\":{\"divider_element\":\"hr\"}}]}]},{\"type\":\"row\",\"props\":{\"layout\":\"1-2,1-2\"},\"children\":[{\"type\":\"column\",\"props\":{\"image_position\":\"center-center\",\"position_sticky_breakpoint\":\"m\",\"width_medium\":\"1-2\"},\"children\":[{\"type\":\"text\",\"props\":{\"column_breakpoint\":\"m\",\"content\":\"\n\n<p><strong>Teamworks Seminar<\/strong><\/p>\n\n\\n\n\n<p>New Organizing Strategy mit Svenja Hofert<\/p>\n\n\\n\",\"margin_bottom\":\"default\",\"margin_top\":\"default\"}},{\"type\":\"button\",\"props\":{\"grid_column_gap\":\"small\",\"grid_row_gap\":\"small\",\"margin_bottom\":\"default\",\"margin_top\":\"default\"},\"children\":[{\"type\":\"button_item\",\"props\":{\"button_style\":\"default\",\"content\":\"mehr erfahren\",\"content_en_gb\":\"read more\",\"dialog_layout\":\"modal\",\"dialog_offcanvas_flip\":true,\"icon_align\":\"left\",\"link\":\"https:\/\/teamworks-gmbh.de\/workshops\/neworganizing_organisationsentwicklung\/\",\"link_target\":true}}]}]},{\"type\":\"column\",\"props\":{\"image_position\":\"center-center\",\"position_sticky_breakpoint\":\"m\",\"width_medium\":\"1-2\"},\"children\":[{\"type\":\"text\",\"props\":{\"column_breakpoint\":\"m\",\"content\":\"\n\n<p>06. - 09. Januar 2027<\/p>\n\n\",\"margin_bottom\":\"default\",\"margin_top\":\"default\"}}]}]},{\"type\":\"row\",\"children\":[{\"type\":\"column\",\"props\":{\"image_position\":\"center-center\",\"position_sticky_breakpoint\":\"m\",\"width_medium\":\"1-1\"},\"children\":[{\"type\":\"divider\",\"props\":{\"divider_element\":\"hr\",\"divider_style\":\"icon\",\"margin_bottom\":\"xlarge\",\"margin_top\":\"xlarge\"}}]}]}]}],\"version\":\"5.0.15\"} --><\/p>\n","protected":false},"excerpt":{"rendered":"<p>Workshop auf dem Land: viel Platz in Ruhe und Natur! Nachwuchs auf dem Hof Ein ganz besonderes Ereignis sorgt aktuell f\u00fcr Freude auf unserem Hof: ein gesundes K\u00e4lbchen hat das Licht der Welt erblickt! Auch wenn der Stallbereich nicht f\u00fcr unsere Tagungsg\u00e4ste zug\u00e4nglich ist, freuen wir uns sehr, dieses besondere Ereignis mit Euch zu teilen. [&hellip;]<\/p>\n","protected":false},"author":4,"featured_media":0,"parent":0,"menu_order":0,"comment_status":"closed","ping_status":"closed","template":"","meta":{"footnotes":""},"class_list":["post-40","page","type-page","status-publish","hentry"],"_links":{"self":[{"href":"https:\/\/www.buschhof-kattendorf.de\/en\/wp-json\/wp\/v2\/pages\/40","targetHints":{"allow":["GET"]}}],"collection":[{"href":"https:\/\/www.buschhof-kattendorf.de\/en\/wp-json\/wp\/v2\/pages"}],"about":[{"href":"https:\/\/www.buschhof-kattendorf.de\/en\/wp-json\/wp\/v2\/types\/page"}],"author":[{"embeddable":true,"href":"https:\/\/www.buschhof-kattendorf.de\/en\/wp-json\/wp\/v2\/users\/4"}],"replies":[{"embeddable":true,"href":"https:\/\/www.buschhof-kattendorf.de\/en\/wp-json\/wp\/v2\/comments?post=40"}],"version-history":[{"count":62,"href":"https:\/\/www.buschhof-kattendorf.de\/en\/wp-json\/wp\/v2\/pages\/40\/revisions"}],"predecessor-version":[{"id":579,"href":"https:\/\/www.buschhof-kattendorf.de\/en\/wp-json\/wp\/v2\/pages\/40\/revisions\/579"}],"wp:attachment":[{"href":"https:\/\/www.buschhof-kattendorf.de\/en\/wp-json\/wp\/v2\/media?parent=40"}],"curies":[{"name":"wp","href":"https:\/\/api.w.org\/{rel}","templated":true}]}}