{"id":37,"date":"2025-04-28T10:41:10","date_gmt":"2025-04-28T08:41:10","guid":{"rendered":"https:\/\/www.buschhof-kattendorf.de\/?page_id=37"},"modified":"2026-05-07T14:32:44","modified_gmt":"2026-05-07T12:32:44","slug":"team-building","status":"publish","type":"page","link":"https:\/\/www.buschhof-kattendorf.de\/en\/team-building\/","title":{"rendered":"Team-Events"},"content":{"rendered":"<h1>Durch Team-Events gemeinsam zum Erfolg <\/h1>\n<hr>\n<h2>Team Events<\/h2>\n<div>Lust auf Aktivit\u00e4t?<\/div>\n<div>\n<p><strong>Wir wecken Emotionen und bewegen Teams!<\/strong><\/p>\n<p>W\u00e4hrend Ihres Workshops bieten wir Ihnen intensive Erlebnisse f\u00fcr Ihr Team an.<\/p>\n<p>Folgende Events zur Auflockerung und zum Teambuilding stehen zur Auswahl (Auszug):<\/p>\n<\/div>\n<ul>\n<li>\n<p>        <img decoding=\"async\" src=\"\/wp-content\/uploads\/2025\/04\/Naegel.jpg\" alt=\"Teambuilding\"><\/p>\n<h3>Teambuilding Nagelprobe<\/h3>\n<p>Teambuilding<\/p>\n<\/li>\n<li>\n<p>        <img decoding=\"async\" src=\"\/wp-content\/uploads\/2025\/04\/pexels-photo-247819.jpg\" alt=\"Teamentwicklung\"><\/p>\n<h3>Gemeinsam lernen<\/h3>\n<p>Teamentwicklung<\/p>\n<\/li>\n<li>\n<p>        <img decoding=\"async\" src=\"\/wp-content\/uploads\/2025\/04\/Namen.jpg\" alt=\"Teambuilding\"><\/p>\n<h3>Teambuilding im Seminarraum<\/h3>\n<p>Teambuilding<\/p>\n<\/li>\n<li>\n<p>        <img decoding=\"async\" src=\"\/wp-content\/uploads\/2025\/04\/Turm.jpg\" alt=\"Teamentwicklung\"><\/p>\n<h3>Tower of Power<\/h3>\n<p>Teamentwicklung<\/p>\n<\/li>\n<li>\n<p>        <img decoding=\"async\" src=\"\/wp-content\/uploads\/2025\/04\/pexels-photo-1282267.jpg\" alt=\"Teambuilding\"><\/p>\n<h3>Gemeinsam erfolgreich<\/h3>\n<p>Teambuilding<\/p>\n<\/li>\n<\/ul>\n<div>\n<p>Indoor<\/p>\n<\/div>\n<ul>\n<li>\n<div>&#8220;Easy Drumming&#8221;: die Energie der Trommeln im Team erleben<\/div>\n<\/li>\n<li>\n<div>\n<p>Improvisationstheater &#8211; gemeinsam lachen, Spa\u00df haben und mehr<\/p>\n<\/div>\n<\/li>\n<li>\n<div>\n<p>Team Parcours &#8211; speziell auf Ihre Teamthemen abgestimmt<\/p>\n<\/div>\n<\/li>\n<\/ul>\n<hr>\n<div>\n<p>Outdoor<\/p>\n<\/div>\n<ul>\n<li>\n<div>\n<p>Cross Boule \u2013 das traditionelle Spiel ganz neu gestaltet<\/p>\n<\/div>\n<\/li>\n<li>\n<div>\n<p>Team Parcours \u2013 auf der Rasenfl\u00e4che vor dem Seminarhaus<\/p>\n<\/div>\n<\/li>\n<li>\n<div>\n<p>Clever and smart \u2013 Team Challenge vorm Seminarhaus<\/p>\n<\/div>\n<\/li>\n<li>\n<div>\n<p>Team BBQ at it\u00b4s best \u2013 Kochkurs am Grill<\/p>\n<\/div>\n<\/li>\n<li>\n<div>\n<p>Bogen schiessen &#8211; Fokussierung und Konzentration<\/p>\n<\/div>\n<\/li>\n<li>\n<div>\n<p>ZickZack oder XXL-Turmbau oder Riesenkugelbahn &#8211; mitten im drau\u00dfen<\/p>\n<\/div>\n<\/li>\n<li>\n<div>&#8220;Easy Drumming&#8221;: die Energie der Trommeln im Team erleben<\/div>\n<\/li>\n<\/ul>\n<div>\n<p>Was bieten wir noch<\/p>\n<\/div>\n<div>\n<p>Diverse Metalog Spiele halten wir f\u00fcr Sie kostenlos bereit. Mit den praxiserprobten METALOG training tools wird jeder Workshop lebendiger und interessanter. Sie aktivieren Ihre Teilnehmer positiv und unterst\u00fctzen den Lernprozess spielerisch.<\/p>\n<\/div>\n<ul>\n<li>\n<div>\n<p>Tower of Power<\/p>\n<\/div>\n<\/li>\n<li>\n<div>\n<p>Fliegender Teppich<\/p>\n<\/div>\n<\/li>\n<li>\n<div>\n<p>Zauberstab<\/p>\n<\/div>\n<\/li>\n<li>\n<div>\n<p>Teambalken<\/p>\n<\/div>\n<\/li>\n<li>\n<div>\n<p>Easy Spider<\/p>\n<\/div>\n<\/li>\n<li>\n<div>\n<p>Unm\u00f6gliche St\u00e4be<\/p>\n<\/div>\n<\/li>\n<li>\n<div>\n<p>Stack Man<\/p>\n<\/div>\n<\/li>\n<li>\n<div>\n<p>Balltransport<\/p>\n<\/div>\n<\/li>\n<li>\n<div>\n<p>Nagelprobe und vieles mehr&#8230;<\/p>\n<\/div>\n<\/li>\n<\/ul>\n<hr>\n<div>\n<p>Weitere Events auf Anfrage<\/p>\n<\/div>\n<div>\n<p>Sprechen Sie uns gerne an, wir finden das Richtige f\u00fcr Sie und Ihr Team!<\/p>\n<\/div>\n<p><p>\n        <a href=\"\/kontakt\/\">Kontakt<\/a>\n    <\/p>\n<\/p>\n<p><!--more--><br \/>\n<!-- {\"type\":\"layout\",\"children\":[{\"name\":\"Hero\",\"type\":\"section\",\"props\":{\"header_transparent\":true,\"header_transparent_noplaceholder\":true,\"header_transparent_text_color\":\"light\",\"image\":\"wp-content\\\/uploads\\\/2025\\\/04\\\/Fotolia_77214191_S_Teamevents_gross.jpg\",\"image_position\":\"center-center\",\"image_size\":\"cover\",\"image_width\":\"2560\",\"overlap\":true,\"padding\":\"xlarge\",\"style\":\"secondary\",\"title\":\"Team Events zum Erfolg\",\"title_breakpoint\":\"xl\",\"title_position\":\"top-left\",\"title_rotation\":\"left\",\"vertical_align\":\"\",\"width\":\"large\"},\"children\":[{\"type\":\"row\",\"children\":[{\"type\":\"column\",\"props\":{\"image_position\":\"center-center\",\"position_sticky_breakpoint\":\"m\",\"width_medium\":\"1-1\"}}]}]},{\"type\":\"section\",\"props\":{\"image_position\":\"center-center\",\"overlap\":true,\"style\":\"default\",\"title_breakpoint\":\"xl\",\"title_position\":\"top-left\",\"title_rotation\":\"left\",\"vertical_align\":\"\",\"width\":\"large\"},\"children\":[{\"type\":\"row\",\"children\":[{\"type\":\"column\",\"props\":{\"image_position\":\"center-center\",\"position_sticky_breakpoint\":\"m\",\"width_medium\":\"1-1\"},\"children\":[{\"type\":\"headline\",\"props\":{\"animation\":\"parallax\",\"content\":\"Durch Team-Events gemeinsam zum Erfolg \",\"content_en_gb\":\"Successful together\",\"margin_remove_top\":true,\"parallax_breakpoint\":\"m\",\"parallax_easing\":\"0.8\",\"parallax_end\":\"5vh + 5%\",\"parallax_opacity\":\"1,0\",\"parallax_y\":\"0,60\",\"title_element\":\"h1\",\"title_style\":\"heading-large\"}}]}]}]},{\"name\":\"Team-Events\",\"type\":\"section\",\"props\":{\"animation\":\"fade\",\"image_position\":\"center-center\",\"overlap\":true,\"style\":\"muted\",\"title_breakpoint\":\"xl\",\"title_position\":\"top-left\",\"title_rotation\":\"left\",\"vertical_align\":\"\",\"width\":\"large\"},\"children\":[{\"type\":\"row\",\"props\":{\"layout\":\"1-2,1-2\",\"margin\":\"large\"},\"children\":[{\"type\":\"column\",\"props\":{\"image_position\":\"center-center\",\"position_sticky_breakpoint\":\"m\",\"vertical_align\":\"middle\",\"width_medium\":\"1-2\"},\"children\":[{\"type\":\"divider\",\"props\":{\"divider_element\":\"hr\",\"divider_style\":\"small\",\"margin_remove_bottom\":true}},{\"type\":\"headline\",\"props\":{\"content\":\"Team Events\",\"title_element\":\"h2\",\"title_style\":\"heading-medium\"}},{\"type\":\"headline\",\"props\":{\"content\":\"Lust auf Aktivit\\u00e4t?\",\"content_en_gb\":\"You want activity?\",\"margin_remove_top\":true,\"title_color\":\"primary\",\"title_element\":\"div\",\"title_style\":\"h3\"}},{\"type\":\"text\",\"props\":{\"column_breakpoint\":\"m\",\"content\":\"\n\n<p><strong>Wir wecken Emotionen und bewegen Teams!<\\\/strong><\\\/p>\\n\n\n<p>W\\u00e4hrend Ihres Workshops bieten wir Ihnen intensive Erlebnisse f\\u00fcr Ihr Team an.<\\\/p>\\n\n\n<p>Folgende Events zur Auflockerung und zum Teambuilding stehen zur Auswahl (Auszug):<\\\/p>\",\"content_en_gb\":\"\n\n<p><strong>We awake emotions and move teams!<\\\/strong><\\\/p>\\n\n\n<p>During your workshop we offer your team intensive experiences.<\\\/p>\\n\n\n<p>The following events are choseable for loosening yourself and to boost teambuilding:<\\\/p>\",\"margin\":\"medium\",\"maxwidth\":\"xlarge\"}}]},{\"type\":\"column\",\"props\":{\"image_position\":\"center-center\",\"position_sticky_breakpoint\":\"m\",\"width_medium\":\"1-2\"},\"children\":[{\"type\":\"slideshow\",\"props\":{\"image_width\":\"920\",\"link_style\":\"default\",\"link_text\":\"Read more\",\"margin\":\"default\",\"meta_align\":\"below-title\",\"meta_element\":\"div\",\"meta_style\":\"text-meta\",\"nav\":\"dotnav\",\"nav_align\":\"center\",\"nav_below\":false,\"nav_breakpoint\":\"s\",\"nav_position\":\"bottom-left\",\"nav_position_margin\":\"medium\",\"overlay_animation\":\"parallax\",\"overlay_position\":\"center-left\",\"show_content\":true,\"show_link\":true,\"show_meta\":false,\"show_thumbnail\":true,\"show_title\":false,\"slidenav\":\"\",\"slidenav_breakpoint\":\"s\",\"slidenav_margin\":\"medium\",\"slidenav_outside_breakpoint\":\"xl\",\"slideshow_autoplay\":true,\"slideshow_autoplay_pause\":true,\"slideshow_min_height\":300,\"slideshow_ratio\":\"920:580\",\"text_color\":\"light\",\"thumbnav_height\":\"75\",\"thumbnav_svg_color\":\"emphasis\",\"thumbnav_width\":\"100\",\"title_element\":\"h3\",\"title_hover_style\":\"reset\"},\"children\":[{\"type\":\"slideshow_item\",\"props\":{\"image\":\"wp-content\\\/uploads\\\/2025\\\/04\\\/Naegel.jpg\",\"image_alt\":\"Teambuilding\",\"meta\":\"Teambuilding\",\"title\":\"Teambuilding Nagelprobe\"}},{\"type\":\"slideshow_item\",\"props\":{\"image\":\"wp-content\\\/uploads\\\/2025\\\/04\\\/pexels-photo-247819.jpg\",\"image_alt\":\"Teamentwicklung\",\"meta\":\"Teamentwicklung\",\"title\":\"Gemeinsam lernen\"}},{\"type\":\"slideshow_item\",\"props\":{\"image\":\"wp-content\\\/uploads\\\/2025\\\/04\\\/Namen.jpg\",\"image_alt\":\"Teambuilding\",\"meta\":\"Teambuilding\",\"title\":\"Teambuilding im Seminarraum\"}},{\"type\":\"slideshow_item\",\"props\":{\"image\":\"wp-content\\\/uploads\\\/2025\\\/04\\\/Turm.jpg\",\"image_alt\":\"Teamentwicklung\",\"meta\":\"Teamentwicklung\",\"title\":\"Tower of Power\"}},{\"type\":\"slideshow_item\",\"props\":{\"image\":\"wp-content\\\/uploads\\\/2025\\\/04\\\/pexels-photo-1282267.jpg\",\"image_alt\":\"Teambuilding\",\"meta\":\"Teambuilding\",\"title\":\"Gemeinsam erfolgreich\"}}]}]}]},{\"type\":\"row\",\"props\":{\"layout\":\"1-2,1-2\"},\"children\":[{\"type\":\"column\",\"props\":{\"image_position\":\"center-center\",\"position_sticky_breakpoint\":\"m\",\"width_medium\":\"1-2\"},\"children\":[{\"type\":\"headline\",\"props\":{\"content\":\"\n\n<p>Indoor<\\\/p>\",\"margin_remove_top\":true,\"title_color\":\"primary\",\"title_element\":\"div\",\"title_style\":\"h3\"}},{\"type\":\"list\",\"props\":{\"column_breakpoint\":\"m\",\"image_align\":\"left\",\"image_svg_color\":\"emphasis\",\"image_vertical_align\":true,\"list_element\":\"ul\",\"list_horizontal_separator\":\", \",\"list_marker\":\"bullet\",\"list_type\":\"vertical\",\"show_image\":false,\"show_link\":false},\"children\":[{\"type\":\"list_item\",\"props\":{\"content\":\"\\\"Easy Drumming\\\": die Energie der Trommeln im Team erleben\",\"content_en_gb\":\"\\\"Easy drumming\\\": enjoy the rhythm of the drums\"}},{\"type\":\"list_item\",\"props\":{\"content\":\"\n\n<p>Improvisationstheater - gemeinsam lachen, Spa\\u00df haben und mehr<\\\/p>\",\"content_en_gb\":\"\n\n<p>Improvisation theatre - laughing together, having fun and more<\\\/p>\"}},{\"type\":\"list_item\",\"props\":{\"content\":\"\n\n<p>Team Parcours - speziell auf Ihre Teamthemen abgestimmt<\\\/p>\",\"content_en_gb\":\"\n\n<p>Team Parcours - specially adapted to your team topics<\\\/p>\"}}]},{\"type\":\"divider\",\"props\":{\"divider_element\":\"hr\"}},{\"type\":\"headline\",\"props\":{\"content\":\"\n\n<p>Outdoor<\\\/p>\",\"margin_remove_top\":true,\"title_color\":\"primary\",\"title_element\":\"div\",\"title_style\":\"h3\"}},{\"type\":\"list\",\"props\":{\"column_breakpoint\":\"m\",\"image_align\":\"left\",\"image_svg_color\":\"emphasis\",\"image_vertical_align\":true,\"list_element\":\"ul\",\"list_horizontal_separator\":\", \",\"list_marker\":\"bullet\",\"list_type\":\"vertical\",\"show_image\":false,\"show_link\":false},\"children\":[{\"type\":\"list_item\",\"props\":{\"content\":\"\n\n<p>Cross Boule \\u2013 das traditionelle Spiel ganz neu gestaltet<\\\/p>\",\"content_en_gb\":\"\n\n<p>Cross Boule - the traditional game given a whole new look<\\\/p>\"}},{\"type\":\"list_item\",\"props\":{\"content\":\"\n\n<p>Team Parcours \\u2013 auf der Rasenfl\\u00e4che vor dem Seminarhaus<\\\/p>\",\"content_en_gb\":\"Team Parcours \\u2013 on the lawn in front of the seminar house\"}},{\"type\":\"list_item\",\"props\":{\"content\":\"\n\n<p>Clever and smart \\u2013 Team Challenge vorm Seminarhaus<\\\/p>\",\"content_en_gb\":\"\n\n<p>Clever and smart \\u2013 Team challenge infront of the seminar house<\\\/p>\"}},{\"type\":\"list_item\",\"props\":{\"content\":\"\n\n<p>Team BBQ at it\\u00b4s best \\u2013 Kochkurs am Grill<\\\/p>\",\"content_en_gb\":\"Team BBQ at it\\u00b4s best \\u2013 cooking class at the grill\"}},{\"type\":\"list_item\",\"props\":{\"content\":\"\n\n<p>Bogen schiessen - Fokussierung und Konzentration<\\\/p>\",\"content_en_gb\":\"\n\n<p>Shooting a bow - focus and concentration<\\\/p>\"}},{\"type\":\"list_item\",\"props\":{\"content\":\"\n\n<p>ZickZack oder XXL-Turmbau oder Riesenkugelbahn - mitten im drau\\u00dfen<\\\/p>\",\"content_en_gb\":\"\n\n<p>ZickZack - have fun in the middle of the outside<\\\/p>\"}},{\"type\":\"list_item\",\"props\":{\"content\":\"\\\"Easy Drumming\\\": die Energie der Trommeln im Team erleben\",\"content_en_gb\":\"\\\"Easy Drumming\\\": Experience the energy of the drums in a team\"}}]}]},{\"type\":\"column\",\"props\":{\"image_position\":\"center-center\",\"position_sticky_breakpoint\":\"m\",\"width_medium\":\"1-2\"},\"children\":[{\"type\":\"headline\",\"props\":{\"content\":\"\n\n<p>Was bieten wir noch<\\\/p>\",\"content_en_gb\":\"What else do we offer\",\"margin_remove_top\":true,\"title_color\":\"primary\",\"title_element\":\"div\",\"title_style\":\"h3\"}},{\"type\":\"text\",\"props\":{\"column_breakpoint\":\"m\",\"content\":\"\n\n<p>Diverse Metalog Spiele halten wir f\\u00fcr Sie kostenlos bereit. Mit den praxiserprobten METALOG training tools wird jeder Workshop lebendiger und interessanter. Sie aktivieren Ihre Teilnehmer positiv und unterst\\u00fctzen den Lernprozess spielerisch.<\\\/p>\",\"content_en_gb\":\"\n\n<p>We have various Metalog games available for you free of charge. The tried-and-tested METALOG training tools make every workshop livelier and more interesting. They positively activate your participants and playfully support the learning process.<\\\/p>\",\"margin\":\"default\"}},{\"type\":\"list\",\"props\":{\"column_breakpoint\":\"m\",\"image_align\":\"left\",\"image_svg_color\":\"emphasis\",\"image_vertical_align\":true,\"list_element\":\"ul\",\"list_horizontal_separator\":\", \",\"list_marker\":\"bullet\",\"list_type\":\"vertical\",\"show_image\":false,\"show_link\":false},\"children\":[{\"type\":\"list_item\",\"props\":{\"content\":\"\n\n<p>Tower of Power<\\\/p>\"}},{\"type\":\"list_item\",\"props\":{\"content\":\"\n\n<p>Fliegender Teppich<\\\/p>\",\"content_en_gb\":\"Flying carpet\"}},{\"type\":\"list_item\",\"props\":{\"content\":\"\n\n<p>Zauberstab<\\\/p>\",\"content_en_gb\":\"Magic wand\"}},{\"type\":\"list_item\",\"props\":{\"content\":\"\n\n<p>Teambalken<\\\/p>\",\"content_en_gb\":\"Team bar\"}},{\"type\":\"list_item\",\"props\":{\"content\":\"\n\n<p>Easy Spider<\\\/p>\"}},{\"type\":\"list_item\",\"props\":{\"content\":\"\n\n<p>Unm\\u00f6gliche St\\u00e4be<\\\/p>\",\"content_en_gb\":\"Impossible bars\"}},{\"type\":\"list_item\",\"props\":{\"content\":\"\n\n<p>Stack Man<\\\/p>\"}},{\"type\":\"list_item\",\"props\":{\"content\":\"\n\n<p>Balltransport<\\\/p>\",\"content_en_gb\":\"Ball transport\"}},{\"type\":\"list_item\",\"props\":{\"content\":\"\n\n<p>Nagelprobe und vieles mehr...<\\\/p>\",\"content_en_gb\":\"\n\n<p>Emotion cards and much more...<\\\/p>\"}}]}]}]},{\"type\":\"row\",\"children\":[{\"type\":\"column\",\"props\":{\"image_position\":\"center-center\",\"position_sticky_breakpoint\":\"m\",\"width_medium\":\"1-1\"},\"children\":[{\"type\":\"divider\",\"props\":{\"divider_element\":\"hr\"}},{\"type\":\"headline\",\"props\":{\"content\":\"\n\n<p>Weitere Events auf Anfrage<\\\/p>\",\"content_en_gb\":\"Fruthermore events on request\",\"margin_remove_top\":true,\"title_color\":\"primary\",\"title_element\":\"div\",\"title_style\":\"h3\"}},{\"type\":\"text\",\"props\":{\"column_breakpoint\":\"m\",\"content\":\"\n\n<p>Sprechen Sie uns gerne an, wir finden das Richtige f\\u00fcr Sie und Ihr Team!<\\\/p>\",\"content_en_gb\":\"Please bring it up and speak to us, we'll gladly find the right thing for your team!\",\"margin\":\"default\"}}]}]},{\"type\":\"row\",\"children\":[{\"type\":\"column\",\"props\":{\"image_position\":\"center-center\",\"position_sticky_breakpoint\":\"m\",\"width_medium\":\"1-1\"},\"children\":[{\"type\":\"button\",\"props\":{\"button_size\":\"large\",\"grid_column_gap\":\"small\",\"grid_row_gap\":\"small\",\"margin\":\"default\",\"text_align\":\"center\"},\"children\":[{\"type\":\"button_item\",\"props\":{\"button_style\":\"default\",\"content\":\"Kontakt\",\"content_en_gb\":\"Contact\",\"dialog_layout\":\"modal\",\"dialog_offcanvas_flip\":true,\"icon_align\":\"left\",\"link\":\"kontakt\\\/\"}}],\"name\":\"Kontakt button\"}]}]}]},{\"type\":\"section\",\"props\":{\"image_position\":\"center-center\",\"padding_remove_bottom\":true,\"padding_remove_top\":true,\"style\":\"default\",\"title_breakpoint\":\"xl\",\"title_position\":\"top-left\",\"title_rotation\":\"left\",\"vertical_align\":\"\",\"width\":\"large\"},\"children\":[{\"type\":\"row\",\"children\":[{\"type\":\"column\",\"props\":{\"image_position\":\"center-center\",\"position_sticky_breakpoint\":\"m\",\"width_medium\":\"1-1\"}}]}]}],\"version\":\"4.5.26\"} --><\/p>\n","protected":false},"excerpt":{"rendered":"<p>Durch Team-Events gemeinsam zum Erfolg Team Events Lust auf Aktivit\u00e4t? Wir wecken Emotionen und bewegen Teams! W\u00e4hrend Ihres Workshops bieten wir Ihnen intensive Erlebnisse f\u00fcr Ihr Team an. Folgende Events zur Auflockerung und zum Teambuilding stehen zur Auswahl (Auszug): Teambuilding Nagelprobe Teambuilding Gemeinsam lernen Teamentwicklung Teambuilding im Seminarraum Teambuilding Tower of Power Teamentwicklung Gemeinsam erfolgreich [&hellip;]<\/p>\n","protected":false},"author":4,"featured_media":0,"parent":0,"menu_order":0,"comment_status":"closed","ping_status":"closed","template":"","meta":{"footnotes":""},"class_list":["post-37","page","type-page","status-publish","hentry"],"_links":{"self":[{"href":"https:\/\/www.buschhof-kattendorf.de\/en\/wp-json\/wp\/v2\/pages\/37","targetHints":{"allow":["GET"]}}],"collection":[{"href":"https:\/\/www.buschhof-kattendorf.de\/en\/wp-json\/wp\/v2\/pages"}],"about":[{"href":"https:\/\/www.buschhof-kattendorf.de\/en\/wp-json\/wp\/v2\/types\/page"}],"author":[{"embeddable":true,"href":"https:\/\/www.buschhof-kattendorf.de\/en\/wp-json\/wp\/v2\/users\/4"}],"replies":[{"embeddable":true,"href":"https:\/\/www.buschhof-kattendorf.de\/en\/wp-json\/wp\/v2\/comments?post=37"}],"version-history":[{"count":13,"href":"https:\/\/www.buschhof-kattendorf.de\/en\/wp-json\/wp\/v2\/pages\/37\/revisions"}],"predecessor-version":[{"id":526,"href":"https:\/\/www.buschhof-kattendorf.de\/en\/wp-json\/wp\/v2\/pages\/37\/revisions\/526"}],"wp:attachment":[{"href":"https:\/\/www.buschhof-kattendorf.de\/en\/wp-json\/wp\/v2\/media?parent=37"}],"curies":[{"name":"wp","href":"https:\/\/api.w.org\/{rel}","templated":true}]}}