{"id":34,"date":"2025-04-28T10:40:35","date_gmt":"2025-04-28T08:40:35","guid":{"rendered":"https:\/\/www.buschhof-kattendorf.de\/?page_id=34"},"modified":"2026-05-06T16:50:56","modified_gmt":"2026-05-06T14:50:56","slug":"zimmer","status":"publish","type":"page","link":"https:\/\/www.buschhof-kattendorf.de\/en\/rooms\/","title":{"rendered":"Rooms"},"content":{"rendered":"<h1>Zimmer im Tagungshotel komfortabel im Vintage Style <\/h1>\n<hr>\n<h2>Zimmer<\/h2>\n<div>\n<p>Wir lieben alte M\u00f6bel!<\/p>\n<\/div>\n<div>\n<p>Wir sind kein herk\u00f6mmliches Tagungshotel! Unsere knapp dreissig Zimmer sind individuell eingerichtet, gem\u00fctlich und komfortabel &#8211; keines gleicht dem anderen! Die gemeinsame Linie ist der Landhausstil im Vintage Style. Viele Antiquit\u00e4ten vom Hof haben eine neue Bedeutung gewonnen und werden wieder genutzt. Ob in strahlendem weiss oder lieber in warmen Braunt\u00f6nen &#8211; hier findet jeder sein Lieblingszimmer&#8230;<\/p>\n<\/div>\n<ul>\n<li>\n<p>        <img decoding=\"async\" src=\"\/wp-content\/uploads\/2025\/04\/Schreibtisch_mit_Stuhl.jpg\" alt=\"Herrenzimmer im Tagungshotel\"><\/p>\n<h3>Herrenzimmer im Tagungshotel<\/h3>\n<p>Tagungshotel<\/p>\n<\/li>\n<li>\n<p>        <img decoding=\"async\" src=\"\/wp-content\/uploads\/2025\/04\/weisse_suite_Neubau.jpg\" alt=\"Hochzeitssuite im Tagungshotel\"><\/p>\n<h3>Hochzeitssuite im Tagungshotel<\/h3>\n<p>Tagungshotel<\/p>\n<\/li>\n<li>\n<p>        <img decoding=\"async\" src=\"\/wp-content\/uploads\/2025\/04\/Detail.jpg\" alt=\"Bauernbett im Tagungshotel\"><\/p>\n<h3>Bauernbett im Tagungshotel<\/h3>\n<p>Tagungshotel<\/p>\n<\/li>\n<li>\n<p>        <img decoding=\"async\" src=\"\/wp-content\/uploads\/2025\/04\/Zimmer_3.jpg\" alt=\"Zimmer mit Wellnessbad im Tagungshotel\"><\/p>\n<h3>Zimmer mit Wellnessbad im Tagungshotel<\/h3>\n<p>Tagungshotel<\/p>\n<\/li>\n<li>\n<p>        <img decoding=\"async\" src=\"\/wp-content\/uploads\/2025\/04\/Utblick_Zimmer_4.jpg\" alt=\"Vintage Zimmer im Tagungshotel\"><\/p>\n<h3>Vintage Zimmer im Tagungshotel<\/h3>\n<p>Tagungshotel<\/p>\n<\/li>\n<li>\n<p>        <img decoding=\"async\" src=\"\/wp-content\/uploads\/2025\/04\/Handtuecher_Bad.jpg\" alt=\"Wellnessoase im Tagungshotel\"><\/p>\n<h3>Wellnessoase im Tagungshotel<\/h3>\n<p>Tagungshotel<\/p>\n<\/li>\n<li>\n<p>        <img decoding=\"async\" src=\"\/wp-content\/uploads\/2025\/04\/IMG_9788_.jpg\" alt=\"Zimmer Impressionen aus dem Tagungshotel\"><\/p>\n<h3>Zimmer Impressionen aus dem Tagungshotel<\/h3>\n<p>Tagungshotel<\/p>\n<\/li>\n<li>\n<p>        <img decoding=\"async\" src=\"\/wp-content\/uploads\/2025\/04\/IMG_9793_.jpg\" alt=\"Shabby Chic im Tagungshotel\"><\/p>\n<h3>Shabby Chic im Tagungshotel<\/h3>\n<p>Tagungshotel<\/p>\n<\/li>\n<li>\n<p>        <img decoding=\"async\" src=\"\/wp-content\/uploads\/2025\/04\/IMG_9807_.jpg\" alt=\"Antiker Schreibtisch im Tagungshotel\"><\/p>\n<h3>Antiker Schreibtisch im Tagungshotel<\/h3>\n<p>Tagungshotel<\/p>\n<\/li>\n<li>\n<p>        <img decoding=\"async\" src=\"\/wp-content\/uploads\/2025\/04\/IMG_9828_.jpg\" alt=\"Helle Zimmer im Tagungshotel\"><\/p>\n<h3>Helle Zimmer im Tagungshotel<\/h3>\n<p>Tagungshotel<\/p>\n<\/li>\n<li>\n<p>        <img decoding=\"async\" src=\"\/wp-content\/uploads\/2025\/04\/IMG_9847_.jpg\" alt=\"Sonnendurchflutete Zimmer im Tagungshotel\"><\/p>\n<h3>Sonnendurchflutete Zimmer im Tagungshotel<\/h3>\n<p>Tagungshotel<\/p>\n<\/li>\n<li>\n<p>        <img decoding=\"async\" src=\"\/wp-content\/uploads\/2025\/04\/IMG_9854_.jpg\" alt=\"Lichtdurchflutete Zimmer im Tagungshotel\"><\/p>\n<h3>Lichtdurchflutete Zimmer im Tagungshotel<\/h3>\n<p>Tagungshotel<\/p>\n<\/li>\n<li>\n<p>        <img decoding=\"async\" src=\"\/wp-content\/uploads\/2025\/04\/IMG_9881_.jpg\" alt=\"Pretty in Pink im Tagungshotel\"><\/p>\n<h3>Pretty in Pink im Tagungshotel<\/h3>\n<p>Tagungshotel<\/p>\n<\/li>\n<li>\n<p>        <img decoding=\"async\" src=\"\/wp-content\/uploads\/2025\/04\/IMG_9909_.jpg\" alt=\"Shabby Style im Tagungshotel\"><\/p>\n<h3>Shabby Style im Tagungshotel<\/h3>\n<p>Tagungshotel<\/p>\n<\/li>\n<\/ul>\n<p><a href=\"\/wp-content\/uploads\/2025\/04\/buschhof-kattendorf_Zimmerimpression-Hirsch-large.jpg\"><img decoding=\"async\" src=\"\/wp-content\/uploads\/2025\/04\/buschhof-kattendorf_Zimmerimpression-Hirsch.jpg\" alt=\"Hirschdeko im Tagungshotel\"><\/a><br \/>\n<a href=\"\/wp-content\/uploads\/2025\/04\/Bauernbett.jpg\"><img decoding=\"async\" src=\"\/wp-content\/uploads\/2025\/04\/Bauernbett.jpg\" alt=\"Landhausstyle im Tagungshotel\"><\/a><br \/>\n<a href=\"\/wp-content\/uploads\/2025\/04\/Bad_Zimmer_4.jpg\"><img decoding=\"async\" src=\"\/wp-content\/uploads\/2025\/04\/Bad_Zimmer_4.jpg\" alt=\"Komfortbad im Tagungshotel\"><\/a><\/p>\n<div>\n<p>Ruhe und Konzentration<\/p>\n<\/div>\n<div>\n<p>Teambuilding, den Focus auf das Zusammensein richten, \u00e4u\u00dfere Einfl\u00fcsse einmal ignorieren&#8230; <br \/>Das ist der Grund, weshalb wir auf mediale Ablenkung in den Zimmern verzichten. Warum nicht \u00b4mal wieder ein gutes Buch lesen? Eine breite Auswahl zum Schm\u00f6kern liegt bereit. Sie w\u00fcrden dennoch gerne mit Ihrer Gruppe ein spezielles Ereignis im Fernsehen anschauen? Kein Problem, dann machen wir das m\u00f6glich.<\/p>\n<\/div>\n<h2>Ein R\u00fcckzugsort zum Wohlf\u00fchlen<\/h2>\n<div>\n<p>Genie\u00dfen Sie die Ruhe und Natur in unserem Tagungshaus abseits vom Trubel der Gro\u00dfstadt. Helle, komfortable Zimmer mit Blick ins Gr\u00fcne laden nach erfolgreichem Workshop zum Entspannen ein. Gut schlafen in gem\u00fctlichem Ambiente!<\/p>\n<\/div>\n<p><p>\n        <a href=\"\/kontakt\/\">Jetzt Kontakt aufnehmen<\/a>\n    <\/p>\n<\/p>\n<div>\n<p>Liebe Haustierbesitzer,<\/p>\n<p>einerseits lieben wir Tiere, andererseits haben wir h\u00e4ufig auch Allergiker zu Gast in unserem Haus, auf die wir R\u00fccksicht nehmen wollen. Daher bitten wir um Euer Verst\u00e4ndnis, da\u00df wir leider keine Haustiere bei uns auf dem Hof willkommen hei\u00dfen k\u00f6nnen. Wer eine richtig sch\u00f6ne Unterkunft z.B. f\u00fcr seinen\/ihren Hund m\u00f6chte, ist bei Trave Dogs gut aufgehoben: <a target=\"_blank\" href=\"https:\/\/www.trave-dogs-resort.de\/das-hundehotel\" rel=\"noopener\">https:\/\/www.trave-dogs-resort.de\/das-hundehotel<\/a><\/p>\n<\/div>\n<p><!--more--><br \/>\n<!-- {\"type\":\"layout\",\"children\":[{\"name\":\"Hero\",\"type\":\"section\",\"props\":{\"header_transparent\":true,\"header_transparent_noplaceholder\":true,\"header_transparent_text_color\":\"light\",\"image\":\"wp-content\\\/uploads\\\/2025\\\/04\\\/weisse-suite-im-Neubau.jpg\",\"image_position\":\"center-center\",\"image_size\":\"cover\",\"image_width\":\"2560\",\"overlap\":true,\"padding\":\"xlarge\",\"style\":\"secondary\",\"title_breakpoint\":\"xl\",\"title_position\":\"top-left\",\"title_rotation\":\"left\",\"vertical_align\":\"\",\"width\":\"large\"},\"children\":[{\"type\":\"row\",\"children\":[{\"type\":\"column\",\"props\":{\"image_position\":\"center-center\",\"position_sticky_breakpoint\":\"m\",\"width_medium\":\"1-1\"}}]}]},{\"type\":\"section\",\"props\":{\"image_position\":\"center-center\",\"overlap\":true,\"style\":\"default\",\"title_breakpoint\":\"xl\",\"title_position\":\"top-left\",\"title_rotation\":\"left\",\"vertical_align\":\"\",\"width\":\"large\"},\"children\":[{\"type\":\"row\",\"children\":[{\"type\":\"column\",\"props\":{\"image_position\":\"center-center\",\"position_sticky_breakpoint\":\"m\",\"width_medium\":\"1-1\"},\"children\":[{\"type\":\"headline\",\"props\":{\"animation\":\"parallax\",\"content\":\"Zimmer im Tagungshotel komfortabel im Vintage Style \",\"content_en_gb\":\"Pure relaxation\",\"margin_remove_top\":true,\"parallax_breakpoint\":\"m\",\"parallax_easing\":\"0.8\",\"parallax_end\":\"5vh + 5%\",\"parallax_opacity\":\"1,0\",\"parallax_y\":\"0,60\",\"title_element\":\"h1\",\"title_style\":\"heading-large\"}}]}]}]},{\"name\":\"Description Comfort\",\"type\":\"section\",\"props\":{\"animation\":\"fade\",\"image_position\":\"center-center\",\"overlap\":true,\"style\":\"muted\",\"title_breakpoint\":\"xl\",\"title_position\":\"top-left\",\"title_rotation\":\"left\",\"vertical_align\":\"\",\"width\":\"large\"},\"children\":[{\"type\":\"row\",\"props\":{\"layout\":\"1-2,1-2\",\"margin\":\"large\"},\"children\":[{\"type\":\"column\",\"props\":{\"image_position\":\"center-center\",\"position_sticky_breakpoint\":\"m\",\"width_medium\":\"1-2\"},\"children\":[{\"type\":\"divider\",\"props\":{\"divider_element\":\"hr\",\"divider_style\":\"small\",\"margin_remove_bottom\":true}},{\"type\":\"headline\",\"props\":{\"content\":\"Zimmer\",\"content_en_gb\":\"Rooms\",\"title_element\":\"h2\",\"title_style\":\"heading-medium\"}},{\"type\":\"headline\",\"props\":{\"content\":\"\n\n<p>Wir lieben alte M\\u00f6bel!<\\\/p>\",\"content_en_gb\":\"\n\n<p>We love vintage interior!<\\\/p>\",\"margin_remove_top\":true,\"title_color\":\"primary\",\"title_element\":\"div\",\"title_style\":\"h3\"}},{\"type\":\"text\",\"props\":{\"column_breakpoint\":\"m\",\"content\":\"\n\n<p>Wir sind kein herk\\u00f6mmliches Tagungshotel! Unsere knapp dreissig Zimmer sind individuell eingerichtet, gem\\u00fctlich und komfortabel - keines gleicht dem anderen! Die gemeinsame Linie ist der Landhausstil im Vintage Style. Viele Antiquit\\u00e4ten vom Hof haben eine neue Bedeutung gewonnen und werden wieder genutzt. Ob in strahlendem weiss oder lieber in warmen Braunt\\u00f6nen - hier findet jeder sein Lieblingszimmer...<\\\/p>\",\"content_en_gb\":\"\n\n<p>Our more than 20 rooms are furnished individually, cosy and comfortable - none's the same! Similarities in a \\\"shabby chic\\\" country style are noticeable. Many antiquities from the farm found use again and a new meaning.<\\\/p>\",\"margin\":\"medium\",\"maxwidth\":\"xlarge\"}}]},{\"type\":\"column\",\"props\":{\"image_position\":\"center-center\",\"position_sticky_breakpoint\":\"m\",\"width_medium\":\"1-2\"},\"children\":[{\"type\":\"slideshow\",\"props\":{\"image_width\":\"920\",\"link_style\":\"default\",\"link_text\":\"Read more\",\"margin\":\"default\",\"meta_align\":\"below-title\",\"meta_element\":\"div\",\"meta_style\":\"text-meta\",\"nav\":\"dotnav\",\"nav_align\":\"center\",\"nav_below\":false,\"nav_breakpoint\":\"s\",\"nav_position\":\"bottom-left\",\"nav_position_margin\":\"medium\",\"overlay_animation\":\"parallax\",\"overlay_position\":\"center-left\",\"show_content\":true,\"show_link\":false,\"show_meta\":false,\"show_thumbnail\":true,\"show_title\":false,\"slidenav\":\"\",\"slidenav_breakpoint\":\"s\",\"slidenav_margin\":\"medium\",\"slidenav_outside_breakpoint\":\"xl\",\"slideshow_autoplay\":true,\"slideshow_autoplay_pause\":true,\"slideshow_min_height\":300,\"slideshow_ratio\":\"920:580\",\"text_color\":\"light\",\"thumbnav_height\":\"75\",\"thumbnav_svg_color\":\"emphasis\",\"thumbnav_width\":\"100\",\"title_element\":\"h3\",\"title_hover_style\":\"reset\"},\"children\":[{\"type\":\"slideshow_item\",\"props\":{\"image\":\"wp-content\\\/uploads\\\/2025\\\/04\\\/Schreibtisch_mit_Stuhl.jpg\",\"image_alt\":\"Herrenzimmer im Tagungshotel\",\"meta\":\"Tagungshotel\",\"title\":\"Herrenzimmer im Tagungshotel\"}},{\"type\":\"slideshow_item\",\"props\":{\"image\":\"wp-content\\\/uploads\\\/2025\\\/04\\\/weisse_suite_Neubau.jpg\",\"image_alt\":\"Hochzeitssuite im Tagungshotel\",\"meta\":\"Tagungshotel\",\"title\":\"Hochzeitssuite im Tagungshotel\"}},{\"type\":\"slideshow_item\",\"props\":{\"image\":\"wp-content\\\/uploads\\\/2025\\\/04\\\/Detail.jpg\",\"image_alt\":\"Bauernbett im Tagungshotel\",\"meta\":\"Tagungshotel\",\"title\":\"Bauernbett im Tagungshotel\"}},{\"type\":\"slideshow_item\",\"props\":{\"image\":\"wp-content\\\/uploads\\\/2025\\\/04\\\/Zimmer_3.jpg\",\"image_alt\":\"Zimmer mit Wellnessbad im Tagungshotel\",\"meta\":\"Tagungshotel\",\"title\":\"Zimmer mit Wellnessbad im Tagungshotel\"}},{\"type\":\"slideshow_item\",\"props\":{\"image\":\"wp-content\\\/uploads\\\/2025\\\/04\\\/Utblick_Zimmer_4.jpg\",\"image_alt\":\"Vintage Zimmer im Tagungshotel\",\"meta\":\"Tagungshotel\",\"title\":\"Vintage Zimmer im Tagungshotel\"}},{\"type\":\"slideshow_item\",\"props\":{\"image\":\"wp-content\\\/uploads\\\/2025\\\/04\\\/Handtuecher_Bad.jpg\",\"image_alt\":\"Wellnessoase im Tagungshotel\",\"meta\":\"Tagungshotel\",\"title\":\"Wellnessoase im Tagungshotel\"}},{\"type\":\"slideshow_item\",\"props\":{\"image\":\"wp-content\\\/uploads\\\/2025\\\/04\\\/IMG_9788_.jpg\",\"image_alt\":\"Zimmer Impressionen aus dem Tagungshotel\",\"meta\":\"Tagungshotel\",\"title\":\"Zimmer Impressionen aus dem Tagungshotel\"}},{\"type\":\"slideshow_item\",\"props\":{\"image\":\"wp-content\\\/uploads\\\/2025\\\/04\\\/IMG_9793_.jpg\",\"image_alt\":\"Shabby Chic im Tagungshotel\",\"meta\":\"Tagungshotel\",\"title\":\"Shabby Chic im Tagungshotel\"}},{\"type\":\"slideshow_item\",\"props\":{\"image\":\"wp-content\\\/uploads\\\/2025\\\/04\\\/IMG_9807_.jpg\",\"image_alt\":\"Antiker Schreibtisch im Tagungshotel\",\"meta\":\"Tagungshotel\",\"title\":\"Antiker Schreibtisch im Tagungshotel\"}},{\"type\":\"slideshow_item\",\"props\":{\"image\":\"wp-content\\\/uploads\\\/2025\\\/04\\\/IMG_9828_.jpg\",\"image_alt\":\"Helle Zimmer im Tagungshotel\",\"meta\":\"Tagungshotel\",\"title\":\"Helle Zimmer im Tagungshotel\"}},{\"type\":\"slideshow_item\",\"props\":{\"image\":\"wp-content\\\/uploads\\\/2025\\\/04\\\/IMG_9847_.jpg\",\"image_alt\":\"Sonnendurchflutete Zimmer im Tagungshotel\",\"meta\":\"Tagungshotel\",\"title\":\"Sonnendurchflutete Zimmer im Tagungshotel\"}},{\"type\":\"slideshow_item\",\"props\":{\"image\":\"wp-content\\\/uploads\\\/2025\\\/04\\\/IMG_9854_.jpg\",\"image_alt\":\"Lichtdurchflutete Zimmer im Tagungshotel\",\"meta\":\"Tagungshotel\",\"title\":\"Lichtdurchflutete Zimmer im Tagungshotel\"}},{\"type\":\"slideshow_item\",\"props\":{\"image\":\"wp-content\\\/uploads\\\/2025\\\/04\\\/IMG_9881_.jpg\",\"image_alt\":\"Pretty in Pink im Tagungshotel\",\"meta\":\"Tagungshotel\",\"title\":\"Pretty in Pink im Tagungshotel\"}},{\"type\":\"slideshow_item\",\"props\":{\"image\":\"wp-content\\\/uploads\\\/2025\\\/04\\\/IMG_9909_.jpg\",\"image_alt\":\"Shabby Style im Tagungshotel\",\"meta\":\"Tagungshotel\",\"title\":\"Shabby Style im Tagungshotel\"}}]}]}]},{\"type\":\"row\",\"props\":{\"column_gap\":\"medium\",\"layout\":\"1-4,1-4,1-2|1-2,1-2,1-1\",\"margin\":\"large\",\"row_gap\":\"medium\"},\"children\":[{\"type\":\"column\",\"props\":{\"image_position\":\"center-center\",\"position_sticky_breakpoint\":\"m\",\"vertical_align\":\"middle\",\"width_medium\":\"1-4\",\"width_small\":\"1-2\"},\"children\":[{\"name\":\"Hirschdeko im Tagungshotel\",\"type\":\"image\",\"props\":{\"image\":\"wp-content\\\/uploads\\\/2025\\\/04\\\/buschhof-kattendorf_Zimmerimpression-Hirsch.jpg\",\"image_alt\":\"Hirschdeko im Tagungshotel\",\"image_svg_color\":\"emphasis\",\"lightbox_width\":\"920\",\"link\":\"wp-content\\\/uploads\\\/2025\\\/04\\\/buschhof-kattendorf_Zimmerimpression-Hirsch-large.jpg\",\"link_target\":\"modal\",\"margin\":\"default\"}}]},{\"type\":\"column\",\"props\":{\"image_position\":\"center-center\",\"position_sticky_breakpoint\":\"m\",\"vertical_align\":\"middle\",\"width_medium\":\"1-4\",\"width_small\":\"1-2\"},\"children\":[{\"name\":\"Landhausstyle im Tagungshotel\",\"type\":\"image\",\"props\":{\"image\":\"wp-content\\\/uploads\\\/2025\\\/04\\\/Bauernbett.jpg\",\"image_alt\":\"Landhausstyle im Tagungshotel\",\"image_svg_color\":\"emphasis\",\"lightbox_width\":\"920\",\"link\":\"wp-content\\\/uploads\\\/2025\\\/04\\\/Bauernbett.jpg\",\"link_target\":\"modal\",\"margin\":\"\"}},{\"name\":\"Komfortbad im Tagungshotel\",\"type\":\"image\",\"props\":{\"image\":\"wp-content\\\/uploads\\\/2025\\\/04\\\/Bad_Zimmer_4.jpg\",\"image_alt\":\"Komfortbad im Tagungshotel\",\"image_svg_color\":\"emphasis\",\"lightbox_width\":\"920\",\"link\":\"wp-content\\\/uploads\\\/2025\\\/04\\\/Bad_Zimmer_4.jpg\",\"link_target\":\"modal\",\"margin\":\"default\"}}]},{\"type\":\"column\",\"props\":{\"image_position\":\"center-center\",\"position_sticky_breakpoint\":\"m\",\"vertical_align\":\"middle\",\"width_medium\":\"1-2\",\"width_small\":\"1-1\"},\"children\":[{\"type\":\"headline\",\"props\":{\"block_align\":\"center\",\"content\":\"\n\n<p>Ruhe und Konzentration<\\\/p>\",\"content_en_gb\":\"\n\n<p>Calm<\\\/p>\",\"margin\":\"default\",\"margin_remove_top\":true,\"maxwidth\":\"xlarge\",\"maxwidth_breakpoint\":\"m\",\"title_color\":\"primary\",\"title_element\":\"div\",\"title_style\":\"h3\"}},{\"type\":\"text\",\"props\":{\"block_align\":\"center\",\"column_breakpoint\":\"m\",\"content\":\"\n\n<p>Teambuilding, den Focus auf das Zusammensein richten, \\u00e4u\\u00dfere Einfl\\u00fcsse einmal ignorieren... <br \\\/>Das ist der Grund, weshalb wir auf mediale Ablenkung in den Zimmern verzichten. Warum nicht \\u00b4mal wieder ein gutes Buch lesen? Eine breite Auswahl zum Schm\\u00f6kern liegt bereit. Sie w\\u00fcrden dennoch gerne mit Ihrer Gruppe ein spezielles Ereignis im Fernsehen anschauen? Kein Problem, dann machen wir das m\\u00f6glich.<\\\/p>\",\"content_en_gb\":\"Cooperation and solidarity as a team have priority at the Buschhof, so our rooms remain from any TV or radio gadgets on purpose - there are plenty of different books instead. Should it happen that you want to watch something on TV with the group, we'll gladly arrange it for you. \",\"margin\":\"default\",\"maxwidth\":\"xlarge\"}}]}]}]},{\"name\":\"Services\",\"type\":\"section\",\"props\":{\"animation\":\"fade\",\"image_position\":\"center-center\",\"overlap\":true,\"padding_remove_top\":true,\"style\":\"muted\",\"title_breakpoint\":\"xl\",\"title_position\":\"top-left\",\"title_rotation\":\"left\",\"vertical_align\":\"\",\"width\":\"large\"},\"children\":[{\"type\":\"row\",\"props\":{\"column_gap\":\"collapse\",\"margin\":\"medium\",\"row_gap\":\"collapse\"},\"children\":[{\"type\":\"column\",\"props\":{\"image_position\":\"center-center\",\"position_sticky_breakpoint\":\"m\",\"width_medium\":\"1-1\"},\"children\":[{\"type\":\"headline\",\"props\":{\"content\":\"Ein R\\u00fcckzugsort zum Wohlf\\u00fchlen\",\"content_en_gb\":\"A comfort zone to feel good!\",\"margin_remove_bottom\":false,\"margin_remove_top\":true,\"text_align\":\"center\",\"title_color\":\"primary\",\"title_element\":\"h2\"}},{\"type\":\"text\",\"props\":{\"column_breakpoint\":\"m\",\"content\":\"\n\n<p>Genie\\u00dfen Sie die Ruhe und Natur in unserem Tagungshaus abseits vom Trubel der Gro\\u00dfstadt. Helle, komfortable Zimmer mit Blick ins Gr\\u00fcne laden nach erfolgreichem Workshop zum Entspannen ein. Gut schlafen in gem\\u00fctlichem Ambiente!<\\\/p>\",\"content_en_gb\":\"Enjoy the peace and nature in our conference center away from the hustle and bustle of the city. Bright, comfortable rooms with a view of the countryside invite you to relax after a successful workshop. Sleep well in a cozy atmosphere!\",\"margin\":\"default\",\"text_align\":\"center\"}},{\"type\":\"button\",\"props\":{\"block_align\":\"center\",\"grid_column_gap\":\"small\",\"grid_row_gap\":\"small\",\"margin\":\"medium\",\"maxwidth\":\"large\",\"maxwidth_breakpoint\":\"m\",\"text_align\":\"center\"},\"children\":[{\"type\":\"button_item\",\"props\":{\"button_style\":\"primary\",\"content\":\"Jetzt Kontakt aufnehmen\",\"content_en_gb\":\"Contact us now\",\"dialog_layout\":\"modal\",\"dialog_offcanvas_flip\":true,\"icon\":\"\",\"icon_align\":\"right\",\"link\":\"kontakt\\\/\",\"link_en_gb\":\"\\\/en\\\/contact\\\/\"}}]}]}]},{\"type\":\"row\",\"children\":[{\"type\":\"column\",\"props\":{\"image_position\":\"center-center\",\"position_sticky_breakpoint\":\"m\",\"width_medium\":\"1-1\"},\"children\":[{\"type\":\"text\",\"props\":{\"column_breakpoint\":\"m\",\"content\":\"\n\n<p>Liebe Haustierbesitzer,<\\\/p>\\n\n\n<p>einerseits lieben wir Tiere, andererseits haben wir h\\u00e4ufig auch Allergiker zu Gast in unserem Haus, auf die wir R\\u00fccksicht nehmen wollen. Daher bitten wir um Euer Verst\\u00e4ndnis, da\\u00df wir leider keine Haustiere bei uns auf dem Hof willkommen hei\\u00dfen k\\u00f6nnen. Wer eine richtig sch\\u00f6ne Unterkunft z.B. f\\u00fcr seinen\\\/ihren Hund m\\u00f6chte, ist bei Trave Dogs gut aufgehoben: <a target=\\\"_blank\\\" href=\\\"https:\\\/\\\/www.trave-dogs-resort.de\\\/das-hundehotel\\\">https:\\\/\\\/www.trave-dogs-resort.de\\\/das-hundehotel<\\\/a><\\\/p>\",\"content_en_gb\":\"\n\n<p>Dear pet owners,<\\\/p>\\n\n\n<p>on the one hand we love animals, on the other hand we often have allergy sufferers as guests in our house, for whom we want to be considerate. Therefore, we ask for your understanding that we unfortunately cannot welcome pets on our farm. If you want really nice accommodation, e.g. for your dog, Trave Dogs is the right place for you: <a target=\\\"_blank\\\" href=\\\"https:\\\/\\\/www.trave-dogs-resort.de\\\/das-hundehotel\\\">https:\\\/\\\/www.trave-dogs-resort.de\\\/das-hundehotel<\\\/a><\\\/p>\",\"margin\":\"default\"}}]}]}]},{\"type\":\"section\",\"props\":{\"image_position\":\"center-center\",\"padding_remove_bottom\":true,\"padding_remove_top\":true,\"style\":\"default\",\"title_breakpoint\":\"xl\",\"title_position\":\"top-left\",\"title_rotation\":\"left\",\"vertical_align\":\"\",\"width\":\"large\"},\"children\":[{\"type\":\"row\",\"children\":[{\"type\":\"column\",\"props\":{\"image_position\":\"center-center\",\"position_sticky_breakpoint\":\"m\",\"width_medium\":\"1-1\"}}]}]}],\"version\":\"4.5.20\"} --><\/p>\n","protected":false},"excerpt":{"rendered":"<p>Zimmer im Tagungshotel komfortabel im Vintage Style Zimmer Wir lieben alte M\u00f6bel! Wir sind kein herk\u00f6mmliches Tagungshotel! Unsere knapp dreissig Zimmer sind individuell eingerichtet, gem\u00fctlich und komfortabel &#8211; keines gleicht dem anderen! Die gemeinsame Linie ist der Landhausstil im Vintage Style. Viele Antiquit\u00e4ten vom Hof haben eine neue Bedeutung gewonnen und werden wieder genutzt. Ob [&hellip;]<\/p>\n","protected":false},"author":4,"featured_media":0,"parent":0,"menu_order":0,"comment_status":"closed","ping_status":"closed","template":"","meta":{"footnotes":""},"class_list":["post-34","page","type-page","status-publish","hentry"],"_links":{"self":[{"href":"https:\/\/www.buschhof-kattendorf.de\/en\/wp-json\/wp\/v2\/pages\/34","targetHints":{"allow":["GET"]}}],"collection":[{"href":"https:\/\/www.buschhof-kattendorf.de\/en\/wp-json\/wp\/v2\/pages"}],"about":[{"href":"https:\/\/www.buschhof-kattendorf.de\/en\/wp-json\/wp\/v2\/types\/page"}],"author":[{"embeddable":true,"href":"https:\/\/www.buschhof-kattendorf.de\/en\/wp-json\/wp\/v2\/users\/4"}],"replies":[{"embeddable":true,"href":"https:\/\/www.buschhof-kattendorf.de\/en\/wp-json\/wp\/v2\/comments?post=34"}],"version-history":[{"count":11,"href":"https:\/\/www.buschhof-kattendorf.de\/en\/wp-json\/wp\/v2\/pages\/34\/revisions"}],"predecessor-version":[{"id":459,"href":"https:\/\/www.buschhof-kattendorf.de\/en\/wp-json\/wp\/v2\/pages\/34\/revisions\/459"}],"wp:attachment":[{"href":"https:\/\/www.buschhof-kattendorf.de\/en\/wp-json\/wp\/v2\/media?parent=34"}],"curies":[{"name":"wp","href":"https:\/\/api.w.org\/{rel}","templated":true}]}}